{"id":539683,"date":"2022-03-17T16:15:30","date_gmt":"2022-03-17T15:15:30","guid":{"rendered":"https:\/\/tilefly.com\/producto\/anti-slip-pierre-de-bali-mix-30x60\/"},"modified":"2024-10-24T01:04:10","modified_gmt":"2024-10-23T23:04:10","slug":"anti-slip-pierre-de-bali-mix-30x60","status":"publish","type":"product","link":"https:\/\/tilefly.com\/de\/produkt\/anti-slip-pierre-de-bali-mix-30x60\/","title":{"rendered":"ANTI-SLIP PIERRE DE BALI MIX 30X60"},"content":{"rendered":"<p>Pierre de Bali reproduziert einen Originalstein von der s\u00fcdostasiatischen Insel, der uns Gelassenheit verleiht und uns hilft, uns in die Natur zu integrieren, indem er jedem Bereich unseres Hauses eine eigene Identit\u00e4t verleiht. Diese elegante und exotische Kollektion umfasst eine spezielle Serie f\u00fcr Au\u00dfenbereiche und Swimmingpools.<\/p>","protected":false},"excerpt":{"rendered":"<p>Pierre de Bali reproduziert einen Originalstein von der s\u00fcdostasiatischen Insel, der uns Gelassenheit verleiht und uns hilft, uns in die Natur zu integrieren, indem er jedem Bereich unseres Hauses eine eigene Identit\u00e4t verleiht. Diese elegante und exotische Kollektion umfasst eine spezielle Serie f\u00fcr Au\u00dfenbereiche und Swimmingpools.<\/p>\n","protected":false},"featured_media":514386,"comment_status":"closed","ping_status":"closed","template":"","meta":[],"product_brand":[],"product_cat":[457,458,456,459],"product_tag":[],"class_list":{"0":"post-539683","1":"product","2":"type-product","3":"status-publish","4":"has-post-thumbnail","6":"product_cat-badezimmer","7":"product_cat-kuchen","8":"product_cat-vohnzimmer","9":"product_cat-wandfliesen","11":"first","12":"instock","13":"shipping-taxable","14":"purchasable","15":"product-type-simple"},"_links":{"self":[{"href":"https:\/\/tilefly.com\/de\/wp-json\/wp\/v2\/product\/539683","targetHints":{"allow":["GET"]}}],"collection":[{"href":"https:\/\/tilefly.com\/de\/wp-json\/wp\/v2\/product"}],"about":[{"href":"https:\/\/tilefly.com\/de\/wp-json\/wp\/v2\/types\/product"}],"replies":[{"embeddable":true,"href":"https:\/\/tilefly.com\/de\/wp-json\/wp\/v2\/comments?post=539683"}],"wp:featuredmedia":[{"embeddable":true,"href":"https:\/\/tilefly.com\/de\/wp-json\/wp\/v2\/media\/514386"}],"wp:attachment":[{"href":"https:\/\/tilefly.com\/de\/wp-json\/wp\/v2\/media?parent=539683"}],"wp:term":[{"taxonomy":"product_brand","embeddable":true,"href":"https:\/\/tilefly.com\/de\/wp-json\/wp\/v2\/product_brand?post=539683"},{"taxonomy":"product_cat","embeddable":true,"href":"https:\/\/tilefly.com\/de\/wp-json\/wp\/v2\/product_cat?post=539683"},{"taxonomy":"product_tag","embeddable":true,"href":"https:\/\/tilefly.com\/de\/wp-json\/wp\/v2\/product_tag?post=539683"}],"curies":[{"name":"wp","href":"https:\/\/api.w.org\/{rel}","templated":true}]}}