{"id":539667,"date":"2020-10-09T16:05:16","date_gmt":"2020-10-09T14:05:16","guid":{"rendered":"https:\/\/tilefly.com\/producto\/rua-marengo-antid-c3-45x45\/"},"modified":"2024-10-24T01:04:04","modified_gmt":"2024-10-23T23:04:04","slug":"rua-marengo-antid-c3-45x45","status":"publish","type":"product","link":"https:\/\/tilefly.com\/de\/produkt\/rua-marengo-antid-c3-45x45\/","title":{"rendered":"RUA MARENGO ANTID. C3 45X45"},"content":{"rendered":"<p>Dieses Feinsteinzeug der Serie RUA zeichnet sich durch sein emailliertes Porzellan aus, das zu den widerstandsf\u00e4higsten auf dem Markt geh\u00f6rt. Es hat eine dekorative Textur mit einer matten Oberfl\u00e4che im Format 45X45.<\/p>","protected":false},"excerpt":{"rendered":"<p>Dieses Feinsteinzeug der Serie RUA zeichnet sich durch sein emailliertes Porzellan aus, das zu den widerstandsf\u00e4higsten auf dem Markt geh\u00f6rt. Es hat eine dekorative Textur mit einer matten Oberfl\u00e4che im Format 45X45.<\/p>\n","protected":false},"featured_media":539669,"comment_status":"open","ping_status":"closed","template":"","meta":[],"product_brand":[],"product_cat":[460,458,456],"product_tag":[],"class_list":{"0":"post-539667","1":"product","2":"type-product","3":"status-publish","4":"has-post-thumbnail","6":"product_cat-bodenfliesen","7":"product_cat-kuchen","8":"product_cat-vohnzimmer","10":"first","11":"instock","12":"shipping-taxable","13":"purchasable","14":"product-type-simple"},"_links":{"self":[{"href":"https:\/\/tilefly.com\/de\/wp-json\/wp\/v2\/product\/539667","targetHints":{"allow":["GET"]}}],"collection":[{"href":"https:\/\/tilefly.com\/de\/wp-json\/wp\/v2\/product"}],"about":[{"href":"https:\/\/tilefly.com\/de\/wp-json\/wp\/v2\/types\/product"}],"replies":[{"embeddable":true,"href":"https:\/\/tilefly.com\/de\/wp-json\/wp\/v2\/comments?post=539667"}],"wp:featuredmedia":[{"embeddable":true,"href":"https:\/\/tilefly.com\/de\/wp-json\/wp\/v2\/media\/539669"}],"wp:attachment":[{"href":"https:\/\/tilefly.com\/de\/wp-json\/wp\/v2\/media?parent=539667"}],"wp:term":[{"taxonomy":"product_brand","embeddable":true,"href":"https:\/\/tilefly.com\/de\/wp-json\/wp\/v2\/product_brand?post=539667"},{"taxonomy":"product_cat","embeddable":true,"href":"https:\/\/tilefly.com\/de\/wp-json\/wp\/v2\/product_cat?post=539667"},{"taxonomy":"product_tag","embeddable":true,"href":"https:\/\/tilefly.com\/de\/wp-json\/wp\/v2\/product_tag?post=539667"}],"curies":[{"name":"wp","href":"https:\/\/api.w.org\/{rel}","templated":true}]}}