{"id":539660,"date":"2023-03-22T17:16:05","date_gmt":"2023-03-22T16:16:05","guid":{"rendered":"https:\/\/tilefly.com\/producto\/palmar-20x20\/"},"modified":"2024-10-24T01:03:50","modified_gmt":"2024-10-23T23:03:50","slug":"palmar-20x20","status":"publish","type":"product","link":"https:\/\/tilefly.com\/de\/produkt\/palmar-20x20\/","title":{"rendered":"PALMAR 20X20"},"content":{"rendered":"<h2>Feinsteinzeug im traditionellen hydraulischen Look, Format 20\u00d720cm, in zarten Wei\u00df-, Gr\u00fcn-, Blau- und Korallent\u00f6nen mit abgenutzter Optik.<\/h2><p>DUNE pr\u00e4sentiert VALENCIA, eine romantische und nostalgische Serie, inspiriert von der Sch\u00f6nheit Valencias, dem Land der Farben, des Lichts und der Handwerkskunst. Eine sorgf\u00e4ltige Auswahl traditioneller hydraulischer Fliesen, deren Designs in einer zarten Palette von Pastellt\u00f6nen neu interpretiert werden. Die Essenz dieser Serie liegt in dem abgenutzten und glatten Aussehen der St\u00fccke, ein anmutiges und zeitloses Detail.  <\/p>","protected":false},"excerpt":{"rendered":"<p>Feinsteinzeug im traditionellen hydraulischen Look, Format 20\u00d720cm, in zarten Wei\u00df-, Gr\u00fcn-, Blau- und Korallent\u00f6nen mit abgenutzter Optik.DUNE pr\u00e4sentiert VALENCIA, eine romantische und nostalgische Serie, inspiriert von der Sch\u00f6nheit Valencias, dem Land der Farben, des Lichts und der Handwerkskunst. Eine sorgf\u00e4ltige Auswahl traditioneller hydraulischer Fliesen, deren Designs in einer zarten Palette von Pastellt\u00f6nen neu interpretiert werden. [&hellip;]<\/p>\n","protected":false},"featured_media":523309,"comment_status":"closed","ping_status":"closed","template":"","meta":[],"product_brand":[],"product_cat":[457,460,458,456,459],"product_tag":[],"class_list":{"0":"post-539660","1":"product","2":"type-product","3":"status-publish","4":"has-post-thumbnail","6":"product_cat-badezimmer","7":"product_cat-bodenfliesen","8":"product_cat-kuchen","9":"product_cat-vohnzimmer","10":"product_cat-wandfliesen","12":"first","13":"instock","14":"shipping-taxable","15":"purchasable","16":"product-type-simple"},"_links":{"self":[{"href":"https:\/\/tilefly.com\/de\/wp-json\/wp\/v2\/product\/539660","targetHints":{"allow":["GET"]}}],"collection":[{"href":"https:\/\/tilefly.com\/de\/wp-json\/wp\/v2\/product"}],"about":[{"href":"https:\/\/tilefly.com\/de\/wp-json\/wp\/v2\/types\/product"}],"replies":[{"embeddable":true,"href":"https:\/\/tilefly.com\/de\/wp-json\/wp\/v2\/comments?post=539660"}],"wp:featuredmedia":[{"embeddable":true,"href":"https:\/\/tilefly.com\/de\/wp-json\/wp\/v2\/media\/523309"}],"wp:attachment":[{"href":"https:\/\/tilefly.com\/de\/wp-json\/wp\/v2\/media?parent=539660"}],"wp:term":[{"taxonomy":"product_brand","embeddable":true,"href":"https:\/\/tilefly.com\/de\/wp-json\/wp\/v2\/product_brand?post=539660"},{"taxonomy":"product_cat","embeddable":true,"href":"https:\/\/tilefly.com\/de\/wp-json\/wp\/v2\/product_cat?post=539660"},{"taxonomy":"product_tag","embeddable":true,"href":"https:\/\/tilefly.com\/de\/wp-json\/wp\/v2\/product_tag?post=539660"}],"curies":[{"name":"wp","href":"https:\/\/api.w.org\/{rel}","templated":true}]}}