{"id":539626,"date":"2023-03-22T15:56:48","date_gmt":"2023-03-22T14:56:48","guid":{"rendered":"https:\/\/tilefly.com\/producto\/rambla-20x20\/"},"modified":"2024-10-24T01:03:16","modified_gmt":"2024-10-23T23:03:16","slug":"rambla-20x20","status":"publish","type":"product","link":"https:\/\/tilefly.com\/de\/produkt\/rambla-20x20\/","title":{"rendered":"RAMBLA 20X20"},"content":{"rendered":"<h2>Feinsteinzeug im Hydraulik-Look im Format 20\u00d720cm mit einem modernen Blumenmuster in Grau-, Blau- und Schwarzt\u00f6nen.<\/h2><p>Inspiriert vom Universum des weltber\u00fchmten Architekten, ist GAUD\u00cd eine Serie von hydraulischen Fliesen, die seine hypnotischen dekorativen Muster mit einer intensiven Farbpalette kombiniert. Diese Serie verspricht, Sie in Gaud\u00eds Welt zu entf\u00fchren, in der Geometrie und Natur harmonisch miteinander verschmelzen. <\/p>","protected":false},"excerpt":{"rendered":"<p>Feinsteinzeug im Hydraulik-Look im Format 20\u00d720cm mit einem modernen Blumenmuster in Grau-, Blau- und Schwarzt\u00f6nen.Inspiriert vom Universum des weltber\u00fchmten Architekten, ist GAUD\u00cd eine Serie von hydraulischen Fliesen, die seine hypnotischen dekorativen Muster mit einer intensiven Farbpalette kombiniert. Diese Serie verspricht, Sie in Gaud\u00eds Welt zu entf\u00fchren, in der Geometrie und Natur harmonisch miteinander verschmelzen.<\/p>\n","protected":false},"featured_media":523133,"comment_status":"closed","ping_status":"closed","template":"","meta":[],"product_brand":[],"product_cat":[457,460,458,456,459],"product_tag":[],"class_list":{"0":"post-539626","1":"product","2":"type-product","3":"status-publish","4":"has-post-thumbnail","6":"product_cat-badezimmer","7":"product_cat-bodenfliesen","8":"product_cat-kuchen","9":"product_cat-vohnzimmer","10":"product_cat-wandfliesen","12":"first","13":"instock","14":"shipping-taxable","15":"purchasable","16":"product-type-simple"},"_links":{"self":[{"href":"https:\/\/tilefly.com\/de\/wp-json\/wp\/v2\/product\/539626","targetHints":{"allow":["GET"]}}],"collection":[{"href":"https:\/\/tilefly.com\/de\/wp-json\/wp\/v2\/product"}],"about":[{"href":"https:\/\/tilefly.com\/de\/wp-json\/wp\/v2\/types\/product"}],"replies":[{"embeddable":true,"href":"https:\/\/tilefly.com\/de\/wp-json\/wp\/v2\/comments?post=539626"}],"wp:featuredmedia":[{"embeddable":true,"href":"https:\/\/tilefly.com\/de\/wp-json\/wp\/v2\/media\/523133"}],"wp:attachment":[{"href":"https:\/\/tilefly.com\/de\/wp-json\/wp\/v2\/media?parent=539626"}],"wp:term":[{"taxonomy":"product_brand","embeddable":true,"href":"https:\/\/tilefly.com\/de\/wp-json\/wp\/v2\/product_brand?post=539626"},{"taxonomy":"product_cat","embeddable":true,"href":"https:\/\/tilefly.com\/de\/wp-json\/wp\/v2\/product_cat?post=539626"},{"taxonomy":"product_tag","embeddable":true,"href":"https:\/\/tilefly.com\/de\/wp-json\/wp\/v2\/product_tag?post=539626"}],"curies":[{"name":"wp","href":"https:\/\/api.w.org\/{rel}","templated":true}]}}