{"id":539606,"date":"2023-05-12T23:24:39","date_gmt":"2023-05-12T21:24:39","guid":{"rendered":"https:\/\/tilefly.com\/producto\/macba-palladium-23x26\/"},"modified":"2024-10-24T01:02:32","modified_gmt":"2024-10-23T23:02:32","slug":"macba-palladium-23x26","status":"publish","type":"product","link":"https:\/\/tilefly.com\/de\/produkt\/macba-palladium-23x26\/","title":{"rendered":"Macba Palladium 23X26"},"content":{"rendered":"<h1><strong>MACBA PALLADIUM<\/strong><\/h1><p><\/p><h4>  Format 23X26 der MACBA-Serie<\/h4><p><\/p><h5>Vielf\u00e4ltige Formate, \u00fcberraschende Farben.<\/h5><p> <\/p><p>  Eine alte japanische Legende, nach der demjenigen ein Wunsch erf\u00fcllt wird, der es schafft, tausend Papierkraniche zu basteln, inspiriert unsere Klen-Kollektion.  <\/p><h2>Klen Serie<\/h2><p>  Ihre Basis ist ein sehr weicher, samtiger Zement, aber das charakteristischste Merkmal dieser Serie ist das Relief, das Origami-Figuren nachempfunden ist. Die Keramik ist n\u00e4mlich mit der Kunst des Papierfaltens verwandt: Die Teile werden einzeln hergestellt, gefaltet und dann zu einem Objekt zusammengef\u00fcgt.   <\/p><h3>Eine farbenfrohe <a href=\"https:\/\/tilefly.com\/\">Fliese<\/a> mit modernen und \u00fcberraschenden Formaten voller Signaturdesign.<\/h3><p>  Die <a href=\"https:\/\/tilefly.com\/producto\/klen\/\">Klen-Serie<\/a> ist in sechs verschiedenen Farben erh\u00e4ltlich: blau, terracotta, pearl, wei\u00df, paladium und grau.  <\/p>","protected":false},"excerpt":{"rendered":"<p>MACBA PALLADIUM Format 23X26 der MACBA-SerieVielf\u00e4ltige Formate, \u00fcberraschende Farben. Eine alte japanische Legende, nach der demjenigen ein Wunsch erf\u00fcllt wird, der es schafft, tausend Papierkraniche zu basteln, inspiriert unsere Klen-Kollektion. Klen Serie Ihre Basis ist ein sehr weicher, samtiger Zement, aber das charakteristischste Merkmal dieser Serie ist das Relief, das Origami-Figuren nachempfunden ist. Die Keramik [&hellip;]<\/p>\n","protected":false},"featured_media":523666,"comment_status":"open","ping_status":"closed","template":"","meta":[],"product_brand":[],"product_cat":[461],"product_tag":[],"class_list":{"0":"post-539606","1":"product","2":"type-product","3":"status-publish","4":"has-post-thumbnail","6":"product_cat-uncategorised","8":"first","9":"instock","10":"shipping-taxable","11":"purchasable","12":"product-type-simple"},"_links":{"self":[{"href":"https:\/\/tilefly.com\/de\/wp-json\/wp\/v2\/product\/539606","targetHints":{"allow":["GET"]}}],"collection":[{"href":"https:\/\/tilefly.com\/de\/wp-json\/wp\/v2\/product"}],"about":[{"href":"https:\/\/tilefly.com\/de\/wp-json\/wp\/v2\/types\/product"}],"replies":[{"embeddable":true,"href":"https:\/\/tilefly.com\/de\/wp-json\/wp\/v2\/comments?post=539606"}],"wp:featuredmedia":[{"embeddable":true,"href":"https:\/\/tilefly.com\/de\/wp-json\/wp\/v2\/media\/523666"}],"wp:attachment":[{"href":"https:\/\/tilefly.com\/de\/wp-json\/wp\/v2\/media?parent=539606"}],"wp:term":[{"taxonomy":"product_brand","embeddable":true,"href":"https:\/\/tilefly.com\/de\/wp-json\/wp\/v2\/product_brand?post=539606"},{"taxonomy":"product_cat","embeddable":true,"href":"https:\/\/tilefly.com\/de\/wp-json\/wp\/v2\/product_cat?post=539606"},{"taxonomy":"product_tag","embeddable":true,"href":"https:\/\/tilefly.com\/de\/wp-json\/wp\/v2\/product_tag?post=539606"}],"curies":[{"name":"wp","href":"https:\/\/api.w.org\/{rel}","templated":true}]}}