{"id":539601,"date":"2023-05-12T23:25:20","date_gmt":"2023-05-12T21:25:20","guid":{"rendered":"https:\/\/tilefly.com\/producto\/sunny-obsidiana-23x26\/"},"modified":"2024-10-24T01:02:24","modified_gmt":"2024-10-23T23:02:24","slug":"sunny-obsidiana-23x26","status":"publish","type":"product","link":"https:\/\/tilefly.com\/de\/produkt\/sunny-obsidiana-23x26\/","title":{"rendered":"Sunny Obsidiana 23X26"},"content":{"rendered":"<h1><strong>SUNNY OBSIDIAN<\/strong><\/h1><p><\/p><h4>  Format 23X26 der MACBA-Serie<\/h4><p><\/p><h5>Vielf\u00e4ltige Formate, \u00fcberraschende Farben.<\/h5><p> <\/p><p>  Eine alte japanische Legende, nach der demjenigen ein Wunsch erf\u00fcllt wird, der es schafft, tausend Papierkraniche zu basteln, inspiriert unsere Klen-Kollektion.  <\/p><h2>Klen Serie<\/h2><p>  Ihre Basis ist ein sehr weicher, samtiger Zement, aber das charakteristischste Merkmal dieser Serie ist das Relief, das Origami-Figuren nachempfunden ist. Die Keramik ist n\u00e4mlich mit der Kunst des Papierfaltens verwandt: Die Teile werden einzeln hergestellt, gefaltet und dann zu einem Objekt zusammengef\u00fcgt.   <\/p><h3>Eine farbenfrohe <a href=\"https:\/\/tilefly.com\/\">Fliese<\/a> mit modernen und \u00fcberraschenden Formaten voller Signaturdesign.<\/h3><p>  Die <a href=\"https:\/\/tilefly.com\/producto\/klen\/\">Klen-Serie<\/a> ist in sechs verschiedenen Farben erh\u00e4ltlich: blau, terracotta, pearl, wei\u00df, paladium und grau.  <\/p>","protected":false},"excerpt":{"rendered":"<p>SUNNY OBSIDIAN Format 23X26 der MACBA-SerieVielf\u00e4ltige Formate, \u00fcberraschende Farben. Eine alte japanische Legende, nach der demjenigen ein Wunsch erf\u00fcllt wird, der es schafft, tausend Papierkraniche zu basteln, inspiriert unsere Klen-Kollektion. Klen Serie Ihre Basis ist ein sehr weicher, samtiger Zement, aber das charakteristischste Merkmal dieser Serie ist das Relief, das Origami-Figuren nachempfunden ist. Die Keramik [&hellip;]<\/p>\n","protected":false},"featured_media":523809,"comment_status":"open","ping_status":"closed","template":"","meta":[],"product_brand":[],"product_cat":[457,458,456,459],"product_tag":[],"class_list":{"0":"post-539601","1":"product","2":"type-product","3":"status-publish","4":"has-post-thumbnail","6":"product_cat-badezimmer","7":"product_cat-kuchen","8":"product_cat-vohnzimmer","9":"product_cat-wandfliesen","11":"first","12":"instock","13":"shipping-taxable","14":"purchasable","15":"product-type-simple"},"_links":{"self":[{"href":"https:\/\/tilefly.com\/de\/wp-json\/wp\/v2\/product\/539601","targetHints":{"allow":["GET"]}}],"collection":[{"href":"https:\/\/tilefly.com\/de\/wp-json\/wp\/v2\/product"}],"about":[{"href":"https:\/\/tilefly.com\/de\/wp-json\/wp\/v2\/types\/product"}],"replies":[{"embeddable":true,"href":"https:\/\/tilefly.com\/de\/wp-json\/wp\/v2\/comments?post=539601"}],"wp:featuredmedia":[{"embeddable":true,"href":"https:\/\/tilefly.com\/de\/wp-json\/wp\/v2\/media\/523809"}],"wp:attachment":[{"href":"https:\/\/tilefly.com\/de\/wp-json\/wp\/v2\/media?parent=539601"}],"wp:term":[{"taxonomy":"product_brand","embeddable":true,"href":"https:\/\/tilefly.com\/de\/wp-json\/wp\/v2\/product_brand?post=539601"},{"taxonomy":"product_cat","embeddable":true,"href":"https:\/\/tilefly.com\/de\/wp-json\/wp\/v2\/product_cat?post=539601"},{"taxonomy":"product_tag","embeddable":true,"href":"https:\/\/tilefly.com\/de\/wp-json\/wp\/v2\/product_tag?post=539601"}],"curies":[{"name":"wp","href":"https:\/\/api.w.org\/{rel}","templated":true}]}}