{"id":539535,"date":"2019-09-13T14:12:43","date_gmt":"2019-09-13T12:12:43","guid":{"rendered":"https:\/\/tilefly.com\/producto\/touareg-turquesa-mix-139x16\/"},"modified":"2024-10-23T16:51:36","modified_gmt":"2024-10-23T14:51:36","slug":"touareg-turquesa-mix-139x16","status":"publish","type":"product","link":"https:\/\/tilefly.com\/de\/produkt\/touareg-turquesa-mix-139x16\/","title":{"rendered":"TOUAREG TURQUESA MIX 13,9X16"},"content":{"rendered":"<h1><strong>Feinsteinzeug TOUAREG TURQUOISE MIX 13,9X16<\/strong><\/h1><p>Dieses Feinsteinzeug im Format 13,9X16 cm, mit matter Oberfl\u00e4che und in den Farben Blau und Gr\u00fcn ist perfekt f\u00fcr Ihr Zuhause. Ihr Herstellungsmaterial ist Feinsteinzeug. <\/p><p>Besondere Merkmale: Sechsecke<\/p>","protected":false},"excerpt":{"rendered":"<p>Feinsteinzeug TOUAREG TURQUOISE MIX 13,9X16Dieses Feinsteinzeug im Format 13,9X16 cm, mit matter Oberfl\u00e4che und in den Farben Blau und Gr\u00fcn ist perfekt f\u00fcr Ihr Zuhause. Ihr Herstellungsmaterial ist Feinsteinzeug. Besondere Merkmale: Sechsecke<\/p>\n","protected":false},"featured_media":65439,"comment_status":"closed","ping_status":"closed","template":"","meta":[],"product_brand":[],"product_cat":[457,460,458,456,459],"product_tag":[],"class_list":{"0":"post-539535","1":"product","2":"type-product","3":"status-publish","4":"has-post-thumbnail","6":"product_cat-badezimmer","7":"product_cat-bodenfliesen","8":"product_cat-kuchen","9":"product_cat-vohnzimmer","10":"product_cat-wandfliesen","12":"first","13":"instock","14":"shipping-taxable","15":"purchasable","16":"product-type-simple"},"_links":{"self":[{"href":"https:\/\/tilefly.com\/de\/wp-json\/wp\/v2\/product\/539535","targetHints":{"allow":["GET"]}}],"collection":[{"href":"https:\/\/tilefly.com\/de\/wp-json\/wp\/v2\/product"}],"about":[{"href":"https:\/\/tilefly.com\/de\/wp-json\/wp\/v2\/types\/product"}],"replies":[{"embeddable":true,"href":"https:\/\/tilefly.com\/de\/wp-json\/wp\/v2\/comments?post=539535"}],"wp:featuredmedia":[{"embeddable":true,"href":"https:\/\/tilefly.com\/de\/wp-json\/wp\/v2\/media\/65439"}],"wp:attachment":[{"href":"https:\/\/tilefly.com\/de\/wp-json\/wp\/v2\/media?parent=539535"}],"wp:term":[{"taxonomy":"product_brand","embeddable":true,"href":"https:\/\/tilefly.com\/de\/wp-json\/wp\/v2\/product_brand?post=539535"},{"taxonomy":"product_cat","embeddable":true,"href":"https:\/\/tilefly.com\/de\/wp-json\/wp\/v2\/product_cat?post=539535"},{"taxonomy":"product_tag","embeddable":true,"href":"https:\/\/tilefly.com\/de\/wp-json\/wp\/v2\/product_tag?post=539535"}],"curies":[{"name":"wp","href":"https:\/\/api.w.org\/{rel}","templated":true}]}}