{"id":539406,"date":"2020-10-16T07:46:07","date_gmt":"2024-10-23T14:07:42","guid":{"rendered":"https:\/\/tilefly.com\/producto\/lotus-215x25\/"},"modified":"2024-10-23T16:07:42","modified_gmt":"2024-10-23T14:07:42","slug":"lotus-215x25","status":"publish","type":"product","link":"https:\/\/tilefly.com\/de\/produkt\/lotus-215x25\/","title":{"rendered":"LOTUS 21,5X25"},"content":{"rendered":"<p>Sechseckige Feinsteinzeugfliese in 21,5\u00d725.<br \/>Zartes Dekor in einem Aquamarin-Ton auf cremefarbenem Hintergrund und abgenutzten Effekten, ideal f\u00fcr die Gestaltung von Teppichen auf dem Boden oder die Hervorhebung bestimmter Wandbereiche. DUNE pr\u00e4sentiert BERLIN, die neue Serie, in der das Zementkonzept mit zahlreichen Vorschl\u00e4gen f\u00fcr Formate, Farben und Erg\u00e4nzungen neu erfunden wird, die miteinander kombiniert werden k\u00f6nnen.<\/p><p>Die sechseckige Fliese ist zweifellos die perfekte Wahl f\u00fcr gem\u00fctliche und originelle R\u00e4ume. Feinsteinzeug f\u00fcr Boden und Wand im Innen- und Au\u00dfenbereich, widerstandsf\u00e4hig und pflegeleicht <\/p>","protected":false},"excerpt":{"rendered":"<p>Sechseckige Feinsteinzeugfliese in 21,5\u00d725.Zartes Dekor in einem Aquamarin-Ton auf cremefarbenem Hintergrund und abgenutzten Effekten, ideal f\u00fcr die Gestaltung von Teppichen auf dem Boden oder die Hervorhebung bestimmter Wandbereiche. DUNE pr\u00e4sentiert BERLIN, die neue Serie, in der das Zementkonzept mit zahlreichen Vorschl\u00e4gen f\u00fcr Formate, Farben und Erg\u00e4nzungen neu erfunden wird, die miteinander kombiniert werden k\u00f6nnen.Die sechseckige [&hellip;]<\/p>\n","protected":false},"featured_media":124278,"comment_status":"open","ping_status":"closed","template":"","meta":[],"product_brand":[],"product_cat":[457,458,459],"product_tag":[],"class_list":{"0":"post-539406","1":"product","2":"type-product","3":"status-publish","4":"has-post-thumbnail","6":"product_cat-badezimmer","7":"product_cat-kuchen","8":"product_cat-wandfliesen","10":"first","11":"instock","12":"shipping-taxable","13":"purchasable","14":"product-type-simple"},"_links":{"self":[{"href":"https:\/\/tilefly.com\/de\/wp-json\/wp\/v2\/product\/539406","targetHints":{"allow":["GET"]}}],"collection":[{"href":"https:\/\/tilefly.com\/de\/wp-json\/wp\/v2\/product"}],"about":[{"href":"https:\/\/tilefly.com\/de\/wp-json\/wp\/v2\/types\/product"}],"replies":[{"embeddable":true,"href":"https:\/\/tilefly.com\/de\/wp-json\/wp\/v2\/comments?post=539406"}],"wp:featuredmedia":[{"embeddable":true,"href":"https:\/\/tilefly.com\/de\/wp-json\/wp\/v2\/media\/124278"}],"wp:attachment":[{"href":"https:\/\/tilefly.com\/de\/wp-json\/wp\/v2\/media?parent=539406"}],"wp:term":[{"taxonomy":"product_brand","embeddable":true,"href":"https:\/\/tilefly.com\/de\/wp-json\/wp\/v2\/product_brand?post=539406"},{"taxonomy":"product_cat","embeddable":true,"href":"https:\/\/tilefly.com\/de\/wp-json\/wp\/v2\/product_cat?post=539406"},{"taxonomy":"product_tag","embeddable":true,"href":"https:\/\/tilefly.com\/de\/wp-json\/wp\/v2\/product_tag?post=539406"}],"curies":[{"name":"wp","href":"https:\/\/api.w.org\/{rel}","templated":true}]}}