{"id":539297,"date":"2020-10-14T22:46:14","date_gmt":"2024-10-23T14:04:47","guid":{"rendered":"https:\/\/tilefly.com\/producto\/berlin-exa-graphite-matt-215x25\/"},"modified":"2024-10-23T16:04:47","modified_gmt":"2024-10-23T14:04:47","slug":"berlin-exa-graphite-matt-215x25","status":"publish","type":"product","link":"https:\/\/tilefly.com\/de\/produkt\/berlin-exa-graphite-matt-215x25\/","title":{"rendered":"BERLIN EXA GRAPHITE MATT 21,5X25"},"content":{"rendered":"<p>DUNE pr\u00e4sentiert BERLIN, die neue Serie, in der das Zementkonzept mit zahlreichen Vorschl\u00e4gen f\u00fcr Formate, Farben und Erg\u00e4nzungen neu erfunden wird, die sich miteinander kombinieren lassen.<\/p><p>Die sechseckige Fliese ist zweifellos die perfekte Wahl f\u00fcr gem\u00fctliche und originelle R\u00e4ume. Feinsteinzeug f\u00fcr Boden und Wand im Innen- und Au\u00dfenbereich widerstandsf\u00e4hig und pflegeleicht <\/p>","protected":false},"excerpt":{"rendered":"<p>DUNE pr\u00e4sentiert BERLIN, die neue Serie, in der das Zementkonzept mit zahlreichen Vorschl\u00e4gen f\u00fcr Formate, Farben und Erg\u00e4nzungen neu erfunden wird, die sich miteinander kombinieren lassen.Die sechseckige Fliese ist zweifellos die perfekte Wahl f\u00fcr gem\u00fctliche und originelle R\u00e4ume. Feinsteinzeug f\u00fcr Boden und Wand im Innen- und Au\u00dfenbereich widerstandsf\u00e4hig und pflegeleicht<\/p>\n","protected":false},"featured_media":120630,"comment_status":"open","ping_status":"closed","template":"","meta":[],"product_brand":[],"product_cat":[460,456],"product_tag":[],"class_list":{"0":"post-539297","1":"product","2":"type-product","3":"status-publish","4":"has-post-thumbnail","6":"product_cat-bodenfliesen","7":"product_cat-vohnzimmer","9":"first","10":"instock","11":"shipping-taxable","12":"purchasable","13":"product-type-simple"},"_links":{"self":[{"href":"https:\/\/tilefly.com\/de\/wp-json\/wp\/v2\/product\/539297","targetHints":{"allow":["GET"]}}],"collection":[{"href":"https:\/\/tilefly.com\/de\/wp-json\/wp\/v2\/product"}],"about":[{"href":"https:\/\/tilefly.com\/de\/wp-json\/wp\/v2\/types\/product"}],"replies":[{"embeddable":true,"href":"https:\/\/tilefly.com\/de\/wp-json\/wp\/v2\/comments?post=539297"}],"wp:featuredmedia":[{"embeddable":true,"href":"https:\/\/tilefly.com\/de\/wp-json\/wp\/v2\/media\/120630"}],"wp:attachment":[{"href":"https:\/\/tilefly.com\/de\/wp-json\/wp\/v2\/media?parent=539297"}],"wp:term":[{"taxonomy":"product_brand","embeddable":true,"href":"https:\/\/tilefly.com\/de\/wp-json\/wp\/v2\/product_brand?post=539297"},{"taxonomy":"product_cat","embeddable":true,"href":"https:\/\/tilefly.com\/de\/wp-json\/wp\/v2\/product_cat?post=539297"},{"taxonomy":"product_tag","embeddable":true,"href":"https:\/\/tilefly.com\/de\/wp-json\/wp\/v2\/product_tag?post=539297"}],"curies":[{"name":"wp","href":"https:\/\/api.w.org\/{rel}","templated":true}]}}