{"id":539071,"date":"2019-09-13T14:00:58","date_gmt":"2024-08-27T19:58:50","guid":{"rendered":"https:\/\/tilefly.com\/producto\/mediterranean-purple-15x15\/"},"modified":"2024-08-27T21:58:50","modified_gmt":"2024-08-27T19:58:50","slug":"mediterranean-purple-15x15","status":"publish","type":"product","link":"https:\/\/tilefly.com\/de\/produkt\/mediterranean-purple-15x15\/","title":{"rendered":"MEDITERRANEAN PURPLE 15X15"},"content":{"rendered":"<h1><strong>Wei\u00dfe Paste Fliese MEDITERRANEAN PURPLE 15X15<\/strong><\/h1><p>Diese Fliese Pasta Blanca im Format 15,1X15,1 cm mit gl\u00e4nzender Oberfl\u00e4che und der Farbe Lila ist perfekt f\u00fcr Ihr Zuhause.<br \/>Ihr Herstellungsmaterial ist White Paste. <\/p><p>Besondere Merkmale: Dekoriert, Metro<\/p>","protected":false},"excerpt":{"rendered":"<p>Wei\u00dfe Paste Fliese MEDITERRANEAN PURPLE 15X15Diese Fliese Pasta Blanca im Format 15,1X15,1 cm mit gl\u00e4nzender Oberfl\u00e4che und der Farbe Lila ist perfekt f\u00fcr Ihr Zuhause.Ihr Herstellungsmaterial ist White Paste. Besondere Merkmale: Dekoriert, Metro<\/p>\n","protected":false},"featured_media":539072,"comment_status":"closed","ping_status":"closed","template":"","meta":[],"product_brand":[],"product_cat":[457,460,458,459],"product_tag":[],"class_list":{"0":"post-539071","1":"product","2":"type-product","3":"status-publish","4":"has-post-thumbnail","6":"product_cat-badezimmer","7":"product_cat-bodenfliesen","8":"product_cat-kuchen","9":"product_cat-wandfliesen","11":"first","12":"outofstock","13":"shipping-taxable","14":"purchasable","15":"product-type-simple"},"_links":{"self":[{"href":"https:\/\/tilefly.com\/de\/wp-json\/wp\/v2\/product\/539071","targetHints":{"allow":["GET"]}}],"collection":[{"href":"https:\/\/tilefly.com\/de\/wp-json\/wp\/v2\/product"}],"about":[{"href":"https:\/\/tilefly.com\/de\/wp-json\/wp\/v2\/types\/product"}],"replies":[{"embeddable":true,"href":"https:\/\/tilefly.com\/de\/wp-json\/wp\/v2\/comments?post=539071"}],"wp:featuredmedia":[{"embeddable":true,"href":"https:\/\/tilefly.com\/de\/wp-json\/wp\/v2\/media\/539072"}],"wp:attachment":[{"href":"https:\/\/tilefly.com\/de\/wp-json\/wp\/v2\/media?parent=539071"}],"wp:term":[{"taxonomy":"product_brand","embeddable":true,"href":"https:\/\/tilefly.com\/de\/wp-json\/wp\/v2\/product_brand?post=539071"},{"taxonomy":"product_cat","embeddable":true,"href":"https:\/\/tilefly.com\/de\/wp-json\/wp\/v2\/product_cat?post=539071"},{"taxonomy":"product_tag","embeddable":true,"href":"https:\/\/tilefly.com\/de\/wp-json\/wp\/v2\/product_tag?post=539071"}],"curies":[{"name":"wp","href":"https:\/\/api.w.org\/{rel}","templated":true}]}}