{"id":539012,"date":"2020-10-13T00:49:27","date_gmt":"2020-10-12T22:49:27","guid":{"rendered":"https:\/\/tilefly.com\/producto\/arco-vainilla-15x15\/"},"modified":"2024-08-27T21:58:01","modified_gmt":"2024-08-27T19:58:01","slug":"arco-vainilla-15x15","status":"publish","type":"product","link":"https:\/\/tilefly.com\/de\/produkt\/arco-vainilla-15x15\/","title":{"rendered":"ARCO VAINILLA 15X15"},"content":{"rendered":"<p>15\u00d715 cm gro\u00dfe beigefarbene Fliese mit gl\u00e4nzender Oberfl\u00e4che und sanften Farbabstufungen.<br \/>Ihr bogenf\u00f6rmiges Relief erm\u00f6glicht verschiedene Verlegungen.<br \/>ARCO ist ein Dekor aus der Serie TARANTELA, ein einfaches bogenf\u00f6rmiges Relief, mit dem Sie bei der Verlegung spielen k\u00f6nnen, um verschiedene Geometrien zu erhalten.<br \/>Erh\u00e4ltlich in vier frischen und leuchtenden Farben: die zarten BONE und VANILLA bringen Klarheit und die MINT oder BLUE bringen die Frische der Natur. Die kleinformatige Fliese ist eine ideale Option, um jedem Raum einen warmen und einladenden Touch zu verleihen.<br \/>Trauen Sie sich, die verschiedenen Farben zu kombinieren und mit ihren Formen zu spielen! Leicht zu reinigende Wandfliesen f\u00fcr Innenr\u00e4ume    <\/p>","protected":false},"excerpt":{"rendered":"<p>15\u00d715 cm gro\u00dfe beigefarbene Fliese mit gl\u00e4nzender Oberfl\u00e4che und sanften Farbabstufungen.Ihr bogenf\u00f6rmiges Relief erm\u00f6glicht verschiedene Verlegungen.ARCO ist ein Dekor aus der Serie TARANTELA, ein einfaches bogenf\u00f6rmiges Relief, mit dem Sie bei der Verlegung spielen k\u00f6nnen, um verschiedene Geometrien zu erhalten.Erh\u00e4ltlich in vier frischen und leuchtenden Farben: die zarten BONE und VANILLA bringen Klarheit und die [&hellip;]<\/p>\n","protected":false},"featured_media":539015,"comment_status":"open","ping_status":"closed","template":"","meta":[],"product_brand":[],"product_cat":[457,458,459],"product_tag":[],"class_list":{"0":"post-539012","1":"product","2":"type-product","3":"status-publish","4":"has-post-thumbnail","6":"product_cat-badezimmer","7":"product_cat-kuchen","8":"product_cat-wandfliesen","10":"first","11":"outofstock","12":"shipping-taxable","13":"purchasable","14":"product-type-simple"},"_links":{"self":[{"href":"https:\/\/tilefly.com\/de\/wp-json\/wp\/v2\/product\/539012","targetHints":{"allow":["GET"]}}],"collection":[{"href":"https:\/\/tilefly.com\/de\/wp-json\/wp\/v2\/product"}],"about":[{"href":"https:\/\/tilefly.com\/de\/wp-json\/wp\/v2\/types\/product"}],"replies":[{"embeddable":true,"href":"https:\/\/tilefly.com\/de\/wp-json\/wp\/v2\/comments?post=539012"}],"wp:featuredmedia":[{"embeddable":true,"href":"https:\/\/tilefly.com\/de\/wp-json\/wp\/v2\/media\/539015"}],"wp:attachment":[{"href":"https:\/\/tilefly.com\/de\/wp-json\/wp\/v2\/media?parent=539012"}],"wp:term":[{"taxonomy":"product_brand","embeddable":true,"href":"https:\/\/tilefly.com\/de\/wp-json\/wp\/v2\/product_brand?post=539012"},{"taxonomy":"product_cat","embeddable":true,"href":"https:\/\/tilefly.com\/de\/wp-json\/wp\/v2\/product_cat?post=539012"},{"taxonomy":"product_tag","embeddable":true,"href":"https:\/\/tilefly.com\/de\/wp-json\/wp\/v2\/product_tag?post=539012"}],"curies":[{"name":"wp","href":"https:\/\/api.w.org\/{rel}","templated":true}]}}