{"id":538902,"date":"2019-09-13T14:17:08","date_gmt":"2019-09-13T12:17:08","guid":{"rendered":"https:\/\/tilefly.com\/producto\/karen-15x15\/"},"modified":"2024-08-27T21:55:53","modified_gmt":"2024-08-27T19:55:53","slug":"karen-15x15","status":"publish","type":"product","link":"https:\/\/tilefly.com\/de\/produkt\/karen-15x15\/","title":{"rendered":"KAREN 15X15"},"content":{"rendered":"<h1><strong>Feinsteinzeug KAREN 15X15<\/strong><\/h1><p>Dieses Feinsteinzeug im Format 15X15 cm, mit matter Oberfl\u00e4che und in den Farben Grau und Gr\u00fcn ist perfekt f\u00fcr Ihr Zuhause. Sein Herstellungsmaterial ist Feinsteinzeug.<\/p><p>Besondere Merkmale: Dekoriert, Hydraulisch<\/p>","protected":false},"excerpt":{"rendered":"<p>Feinsteinzeug KAREN 15X15Dieses Feinsteinzeug im Format 15X15 cm, mit matter Oberfl\u00e4che und in den Farben Grau und Gr\u00fcn ist perfekt f\u00fcr Ihr Zuhause. Sein Herstellungsmaterial ist Feinsteinzeug.Besondere Merkmale: Dekoriert, Hydraulisch<\/p>\n","protected":false},"featured_media":65493,"comment_status":"closed","ping_status":"closed","template":"","meta":[],"product_brand":[],"product_cat":[457,460,458,456,459],"product_tag":[],"class_list":{"0":"post-538902","1":"product","2":"type-product","3":"status-publish","4":"has-post-thumbnail","6":"product_cat-badezimmer","7":"product_cat-bodenfliesen","8":"product_cat-kuchen","9":"product_cat-vohnzimmer","10":"product_cat-wandfliesen","12":"first","13":"outofstock","14":"shipping-taxable","15":"purchasable","16":"product-type-simple"},"_links":{"self":[{"href":"https:\/\/tilefly.com\/de\/wp-json\/wp\/v2\/product\/538902","targetHints":{"allow":["GET"]}}],"collection":[{"href":"https:\/\/tilefly.com\/de\/wp-json\/wp\/v2\/product"}],"about":[{"href":"https:\/\/tilefly.com\/de\/wp-json\/wp\/v2\/types\/product"}],"replies":[{"embeddable":true,"href":"https:\/\/tilefly.com\/de\/wp-json\/wp\/v2\/comments?post=538902"}],"wp:featuredmedia":[{"embeddable":true,"href":"https:\/\/tilefly.com\/de\/wp-json\/wp\/v2\/media\/65493"}],"wp:attachment":[{"href":"https:\/\/tilefly.com\/de\/wp-json\/wp\/v2\/media?parent=538902"}],"wp:term":[{"taxonomy":"product_brand","embeddable":true,"href":"https:\/\/tilefly.com\/de\/wp-json\/wp\/v2\/product_brand?post=538902"},{"taxonomy":"product_cat","embeddable":true,"href":"https:\/\/tilefly.com\/de\/wp-json\/wp\/v2\/product_cat?post=538902"},{"taxonomy":"product_tag","embeddable":true,"href":"https:\/\/tilefly.com\/de\/wp-json\/wp\/v2\/product_tag?post=538902"}],"curies":[{"name":"wp","href":"https:\/\/api.w.org\/{rel}","templated":true}]}}