{"id":538561,"date":"2024-08-27T21:18:58","date_gmt":"2024-08-27T19:18:58","guid":{"rendered":"https:\/\/tilefly.com\/producto\/glamstone-beige-mt-75x75-rect-inout\/"},"modified":"2024-08-27T21:50:37","modified_gmt":"2024-08-27T19:50:37","slug":"glamstone-beige-mt-75x75-rect-inout","status":"publish","type":"product","link":"https:\/\/tilefly.com\/de\/produkt\/glamstone-beige-mt-75x75-rect-inout\/","title":{"rendered":"GLAMSTONE BEIGE MT 75X75 RECT INOUT"},"content":{"rendered":"<h1><strong>GLAMSTONE BEIGE MT 75X75 RECT INOUT<\/strong><\/h1><p>Die Fliese GLAMSTONE BEIGE im Format 75&#215;75 ist eine elegante beigefarbene Feinsteinzeugfliese mit matter Oberfl\u00e4che, die W\u00e4rme und Raffinesse in jeden Raum bringt.<br \/>Ihr rektifiziertes Design erm\u00f6glicht eine pr\u00e4zise und einheitliche Verlegung, ideal f\u00fcr Innen- und Au\u00dfenbereiche.<br \/>Dieses widerstandsf\u00e4hige und hochwertige Material eignet sich perfekt f\u00fcr die Schaffung moderner und gem\u00fctlicher Atmosph\u00e4ren und ist somit die ideale Wahl f\u00fcr Ihr Zuhause oder Ihr Dekorationsprojekt.  <\/p>","protected":false},"excerpt":{"rendered":"<p>GLAMSTONE BEIGE MT 75X75 RECT INOUTDie Fliese GLAMSTONE BEIGE im Format 75&#215;75 ist eine elegante beigefarbene Feinsteinzeugfliese mit matter Oberfl\u00e4che, die W\u00e4rme und Raffinesse in jeden Raum bringt.Ihr rektifiziertes Design erm\u00f6glicht eine pr\u00e4zise und einheitliche Verlegung, ideal f\u00fcr Innen- und Au\u00dfenbereiche.Dieses widerstandsf\u00e4hige und hochwertige Material eignet sich perfekt f\u00fcr die Schaffung moderner und gem\u00fctlicher Atmosph\u00e4ren [&hellip;]<\/p>\n","protected":false},"featured_media":537584,"comment_status":"open","ping_status":"closed","template":"","meta":[],"product_brand":[],"product_cat":[457,458,456,459],"product_tag":[],"class_list":{"0":"post-538561","1":"product","2":"type-product","3":"status-publish","4":"has-post-thumbnail","6":"product_cat-badezimmer","7":"product_cat-kuchen","8":"product_cat-vohnzimmer","9":"product_cat-wandfliesen","11":"first","12":"instock","13":"shipping-taxable","14":"purchasable","15":"product-type-simple"},"_links":{"self":[{"href":"https:\/\/tilefly.com\/de\/wp-json\/wp\/v2\/product\/538561","targetHints":{"allow":["GET"]}}],"collection":[{"href":"https:\/\/tilefly.com\/de\/wp-json\/wp\/v2\/product"}],"about":[{"href":"https:\/\/tilefly.com\/de\/wp-json\/wp\/v2\/types\/product"}],"replies":[{"embeddable":true,"href":"https:\/\/tilefly.com\/de\/wp-json\/wp\/v2\/comments?post=538561"}],"wp:featuredmedia":[{"embeddable":true,"href":"https:\/\/tilefly.com\/de\/wp-json\/wp\/v2\/media\/537584"}],"wp:attachment":[{"href":"https:\/\/tilefly.com\/de\/wp-json\/wp\/v2\/media?parent=538561"}],"wp:term":[{"taxonomy":"product_brand","embeddable":true,"href":"https:\/\/tilefly.com\/de\/wp-json\/wp\/v2\/product_brand?post=538561"},{"taxonomy":"product_cat","embeddable":true,"href":"https:\/\/tilefly.com\/de\/wp-json\/wp\/v2\/product_cat?post=538561"},{"taxonomy":"product_tag","embeddable":true,"href":"https:\/\/tilefly.com\/de\/wp-json\/wp\/v2\/product_tag?post=538561"}],"curies":[{"name":"wp","href":"https:\/\/api.w.org\/{rel}","templated":true}]}}