{"id":538524,"date":"2022-04-13T09:59:48","date_gmt":"2022-04-13T07:59:48","guid":{"rendered":"https:\/\/tilefly.com\/producto\/gamy-terracota-25x75\/"},"modified":"2024-08-27T21:49:28","modified_gmt":"2024-08-27T19:49:28","slug":"gamy-terracota-25x75","status":"publish","type":"product","link":"https:\/\/tilefly.com\/de\/produkt\/gamy-terracota-25x75\/","title":{"rendered":"GAMY TERRACOTA 25X75"},"content":{"rendered":"<p>Ihre Basis ist ein sehr weicher, samtiger Zement, aber das charakteristischste Merkmal dieser Serie ist das Relief, das Origami-Figuren nachempfunden ist.<br \/>Keramik ist n\u00e4mlich mit der Kunst des gefalteten Papiers verwandt: Die Teile werden einzeln hergestellt, gefaltet und dann zu einem Objekt zusammengef\u00fcgt.<br \/>Klen ist in sechs verschiedenen Farben erh\u00e4ltlich: blau, terracotta, perlmutt, wei\u00df, paladium und grau.  <\/p>","protected":false},"excerpt":{"rendered":"<p>Ihre Basis ist ein sehr weicher, samtiger Zement, aber das charakteristischste Merkmal dieser Serie ist das Relief, das Origami-Figuren nachempfunden ist.Keramik ist n\u00e4mlich mit der Kunst des gefalteten Papiers verwandt: Die Teile werden einzeln hergestellt, gefaltet und dann zu einem Objekt zusammengef\u00fcgt.Klen ist in sechs verschiedenen Farben erh\u00e4ltlich: blau, terracotta, perlmutt, wei\u00df, paladium und grau.<\/p>\n","protected":false},"featured_media":514602,"comment_status":"closed","ping_status":"closed","template":"","meta":[],"product_brand":[],"product_cat":[457,460,458,459],"product_tag":[],"class_list":{"0":"post-538524","1":"product","2":"type-product","3":"status-publish","4":"has-post-thumbnail","6":"product_cat-badezimmer","7":"product_cat-bodenfliesen","8":"product_cat-kuchen","9":"product_cat-wandfliesen","11":"first","12":"outofstock","13":"shipping-taxable","14":"purchasable","15":"product-type-simple"},"_links":{"self":[{"href":"https:\/\/tilefly.com\/de\/wp-json\/wp\/v2\/product\/538524","targetHints":{"allow":["GET"]}}],"collection":[{"href":"https:\/\/tilefly.com\/de\/wp-json\/wp\/v2\/product"}],"about":[{"href":"https:\/\/tilefly.com\/de\/wp-json\/wp\/v2\/types\/product"}],"replies":[{"embeddable":true,"href":"https:\/\/tilefly.com\/de\/wp-json\/wp\/v2\/comments?post=538524"}],"wp:featuredmedia":[{"embeddable":true,"href":"https:\/\/tilefly.com\/de\/wp-json\/wp\/v2\/media\/514602"}],"wp:attachment":[{"href":"https:\/\/tilefly.com\/de\/wp-json\/wp\/v2\/media?parent=538524"}],"wp:term":[{"taxonomy":"product_brand","embeddable":true,"href":"https:\/\/tilefly.com\/de\/wp-json\/wp\/v2\/product_brand?post=538524"},{"taxonomy":"product_cat","embeddable":true,"href":"https:\/\/tilefly.com\/de\/wp-json\/wp\/v2\/product_cat?post=538524"},{"taxonomy":"product_tag","embeddable":true,"href":"https:\/\/tilefly.com\/de\/wp-json\/wp\/v2\/product_tag?post=538524"}],"curies":[{"name":"wp","href":"https:\/\/api.w.org\/{rel}","templated":true}]}}