{"id":538367,"date":"2020-10-11T12:57:50","date_gmt":"2024-08-27T19:46:42","guid":{"rendered":"https:\/\/tilefly.com\/producto\/shine-blanco-br-25x75\/"},"modified":"2024-08-27T21:46:42","modified_gmt":"2024-08-27T19:46:42","slug":"shine-blanco-br-25x75","status":"publish","type":"product","link":"https:\/\/tilefly.com\/de\/produkt\/shine-blanco-br-25x75\/","title":{"rendered":"SHINE BLANCO BR 25X75"},"content":{"rendered":"<p>Diese rote Pastenfliese aus der Serie Shine ist eine preiswerte Fliese, ideal f\u00fcr nicht feuchte Bereiche, mit einer Zementimitation und einer gl\u00e4nzenden Oberfl\u00e4che im Format 25X75 Zentimeter.<\/p>","protected":false},"excerpt":{"rendered":"<p>Diese rote Pastenfliese aus der Serie Shine ist eine preiswerte Fliese, ideal f\u00fcr nicht feuchte Bereiche, mit einer Zementimitation und einer gl\u00e4nzenden Oberfl\u00e4che im Format 25X75 Zentimeter.<\/p>\n","protected":false},"featured_media":538370,"comment_status":"open","ping_status":"closed","template":"","meta":[],"product_brand":[],"product_cat":[459],"product_tag":[],"class_list":{"0":"post-538367","1":"product","2":"type-product","3":"status-publish","4":"has-post-thumbnail","6":"product_cat-wandfliesen","8":"first","9":"outofstock","10":"shipping-taxable","11":"purchasable","12":"product-type-simple"},"_links":{"self":[{"href":"https:\/\/tilefly.com\/de\/wp-json\/wp\/v2\/product\/538367","targetHints":{"allow":["GET"]}}],"collection":[{"href":"https:\/\/tilefly.com\/de\/wp-json\/wp\/v2\/product"}],"about":[{"href":"https:\/\/tilefly.com\/de\/wp-json\/wp\/v2\/types\/product"}],"replies":[{"embeddable":true,"href":"https:\/\/tilefly.com\/de\/wp-json\/wp\/v2\/comments?post=538367"}],"wp:featuredmedia":[{"embeddable":true,"href":"https:\/\/tilefly.com\/de\/wp-json\/wp\/v2\/media\/538370"}],"wp:attachment":[{"href":"https:\/\/tilefly.com\/de\/wp-json\/wp\/v2\/media?parent=538367"}],"wp:term":[{"taxonomy":"product_brand","embeddable":true,"href":"https:\/\/tilefly.com\/de\/wp-json\/wp\/v2\/product_brand?post=538367"},{"taxonomy":"product_cat","embeddable":true,"href":"https:\/\/tilefly.com\/de\/wp-json\/wp\/v2\/product_cat?post=538367"},{"taxonomy":"product_tag","embeddable":true,"href":"https:\/\/tilefly.com\/de\/wp-json\/wp\/v2\/product_tag?post=538367"}],"curies":[{"name":"wp","href":"https:\/\/api.w.org\/{rel}","templated":true}]}}