{"id":538132,"date":"2020-10-12T21:53:54","date_gmt":"2024-08-27T19:43:32","guid":{"rendered":"https:\/\/tilefly.com\/producto\/spatul-mg-warm-br-25x50\/"},"modified":"2024-08-27T21:43:32","modified_gmt":"2024-08-27T19:43:32","slug":"spatul-mg-warm-br-25x50","status":"publish","type":"product","link":"https:\/\/tilefly.com\/de\/produkt\/spatul-mg-warm-br-25x50\/","title":{"rendered":"SPATUL MG WARM BR 25X50"},"content":{"rendered":"<p>Diese rote Pastenfliese aus der Serie Spatul Mg ist eine kosteng\u00fcnstige Fliese, die sich ideal f\u00fcr nicht feuchte Bereiche eignet, mit einer Steinimitation und einer gl\u00e4nzenden Oberfl\u00e4che im Format 25X50 Zentimeter.<\/p>","protected":false},"excerpt":{"rendered":"<p>Diese rote Pastenfliese aus der Serie Spatul Mg ist eine kosteng\u00fcnstige Fliese, die sich ideal f\u00fcr nicht feuchte Bereiche eignet, mit einer Steinimitation und einer gl\u00e4nzenden Oberfl\u00e4che im Format 25X50 Zentimeter.<\/p>\n","protected":false},"featured_media":538134,"comment_status":"open","ping_status":"closed","template":"","meta":[],"product_brand":[],"product_cat":[459],"product_tag":[],"class_list":{"0":"post-538132","1":"product","2":"type-product","3":"status-publish","4":"has-post-thumbnail","6":"product_cat-wandfliesen","8":"first","9":"outofstock","10":"shipping-taxable","11":"purchasable","12":"product-type-simple"},"_links":{"self":[{"href":"https:\/\/tilefly.com\/de\/wp-json\/wp\/v2\/product\/538132","targetHints":{"allow":["GET"]}}],"collection":[{"href":"https:\/\/tilefly.com\/de\/wp-json\/wp\/v2\/product"}],"about":[{"href":"https:\/\/tilefly.com\/de\/wp-json\/wp\/v2\/types\/product"}],"replies":[{"embeddable":true,"href":"https:\/\/tilefly.com\/de\/wp-json\/wp\/v2\/comments?post=538132"}],"wp:featuredmedia":[{"embeddable":true,"href":"https:\/\/tilefly.com\/de\/wp-json\/wp\/v2\/media\/538134"}],"wp:attachment":[{"href":"https:\/\/tilefly.com\/de\/wp-json\/wp\/v2\/media?parent=538132"}],"wp:term":[{"taxonomy":"product_brand","embeddable":true,"href":"https:\/\/tilefly.com\/de\/wp-json\/wp\/v2\/product_brand?post=538132"},{"taxonomy":"product_cat","embeddable":true,"href":"https:\/\/tilefly.com\/de\/wp-json\/wp\/v2\/product_cat?post=538132"},{"taxonomy":"product_tag","embeddable":true,"href":"https:\/\/tilefly.com\/de\/wp-json\/wp\/v2\/product_tag?post=538132"}],"curies":[{"name":"wp","href":"https:\/\/api.w.org\/{rel}","templated":true}]}}