{"id":538033,"date":"2020-10-16T07:46:07","date_gmt":"2020-10-16T05:46:07","guid":{"rendered":"https:\/\/tilefly.com\/producto\/lucciola-yeso-15x15\/"},"modified":"2024-08-27T21:42:22","modified_gmt":"2024-08-27T19:42:22","slug":"lucciola-yeso-15x15","status":"publish","type":"product","link":"https:\/\/tilefly.com\/de\/produkt\/lucciola-yeso-15x15\/","title":{"rendered":"LUCCIOLA YESO 15X15"},"content":{"rendered":"<p>Wei\u00dfe Fliese mit Gipsoptik, 15\u00d715 cm Format und ultramatter Textur.<br \/>Sie besteht aus vier verschiedenen Reliefs, die zuf\u00e4llig gemischt serviert werden.<br \/>LUCCIOLA ist eine Dekoration aus der Serie TARANTELA, ein Set aus vier Reliefs, die die klassischen Figuren von hydraulischen Fliesen nachbilden.<br \/>Sie k\u00f6nnen in gro\u00dfen Fl\u00e4chen verwendet werden oder einen bestimmten Bereich hervorheben, indem Sie sie mit den unifarbenen Fliesen derselben Farbe kombinieren.<br \/>Erh\u00e4ltlich in vier frischen und leuchtenden Farben: die zarten BONE und VANILLA bringen Klarheit und die MINT oder BLUE bringen die Frische der Natur.<br \/>Auch in der Version BRONZE erh\u00e4ltlich, mit einer gealterten Metalloptik.<br \/>Die kleinformatige Fliese ist eine ideale Option, um einen gem\u00fctlichen und warmen Touch in jeden Raum zu bringen.<br \/>Trauen Sie sich, die verschiedenen Farben zu kombinieren und mit der Form zu spielen!       <\/p>","protected":false},"excerpt":{"rendered":"<p>Wei\u00dfe Fliese mit Gipsoptik, 15\u00d715 cm Format und ultramatter Textur.Sie besteht aus vier verschiedenen Reliefs, die zuf\u00e4llig gemischt serviert werden.LUCCIOLA ist eine Dekoration aus der Serie TARANTELA, ein Set aus vier Reliefs, die die klassischen Figuren von hydraulischen Fliesen nachbilden.Sie k\u00f6nnen in gro\u00dfen Fl\u00e4chen verwendet werden oder einen bestimmten Bereich hervorheben, indem Sie sie mit [&hellip;]<\/p>\n","protected":false},"featured_media":579997,"comment_status":"open","ping_status":"closed","template":"","meta":[],"product_brand":[],"product_cat":[457,458,459],"product_tag":[],"class_list":{"0":"post-538033","1":"product","2":"type-product","3":"status-publish","4":"has-post-thumbnail","6":"product_cat-badezimmer","7":"product_cat-kuchen","8":"product_cat-wandfliesen","10":"first","11":"instock","12":"shipping-taxable","13":"purchasable","14":"product-type-simple"},"_links":{"self":[{"href":"https:\/\/tilefly.com\/de\/wp-json\/wp\/v2\/product\/538033","targetHints":{"allow":["GET"]}}],"collection":[{"href":"https:\/\/tilefly.com\/de\/wp-json\/wp\/v2\/product"}],"about":[{"href":"https:\/\/tilefly.com\/de\/wp-json\/wp\/v2\/types\/product"}],"replies":[{"embeddable":true,"href":"https:\/\/tilefly.com\/de\/wp-json\/wp\/v2\/comments?post=538033"}],"wp:featuredmedia":[{"embeddable":true,"href":"https:\/\/tilefly.com\/de\/wp-json\/wp\/v2\/media\/579997"}],"wp:attachment":[{"href":"https:\/\/tilefly.com\/de\/wp-json\/wp\/v2\/media?parent=538033"}],"wp:term":[{"taxonomy":"product_brand","embeddable":true,"href":"https:\/\/tilefly.com\/de\/wp-json\/wp\/v2\/product_brand?post=538033"},{"taxonomy":"product_cat","embeddable":true,"href":"https:\/\/tilefly.com\/de\/wp-json\/wp\/v2\/product_cat?post=538033"},{"taxonomy":"product_tag","embeddable":true,"href":"https:\/\/tilefly.com\/de\/wp-json\/wp\/v2\/product_tag?post=538033"}],"curies":[{"name":"wp","href":"https:\/\/api.w.org\/{rel}","templated":true}]}}