{"id":538009,"date":"2020-10-16T07:46:07","date_gmt":"2024-08-27T19:42:05","guid":{"rendered":"https:\/\/tilefly.com\/producto\/lucciola-azul-15x15\/"},"modified":"2024-08-27T21:42:05","modified_gmt":"2024-08-27T19:42:05","slug":"lucciola-azul-15x15","status":"publish","type":"product","link":"https:\/\/tilefly.com\/de\/produkt\/lucciola-azul-15x15\/","title":{"rendered":"LUCCIOLA AZUL 15X15"},"content":{"rendered":"<p>Blaue Fliese mit Relief, Format 15\u00d715 cm und gl\u00e4nzender Oberfl\u00e4che, mit sanften Farbabstufungen.<br \/>Sie besteht aus vier verschiedenen Reliefs, die zuf\u00e4llig gemischt serviert werden.<br \/>LUCCIOLA ist eine Dekoration aus der Serie TARANTELA, ein Set aus vier Reliefs, die die klassischen Figuren von Hydraulikfliesen nachbilden.<br \/>Sie k\u00f6nnen in gro\u00dfen Fl\u00e4chen verwendet werden oder einen bestimmten Bereich hervorheben, indem Sie sie mit den unifarbenen Fliesen derselben Farbe kombinieren.<br \/>Erh\u00e4ltlich in vier frischen und leuchtenden Farben: die zarten BONE und VANILLA bringen Klarheit und die MINT oder BLUE bringen die Frische der Natur. Die kleinformatige Fliese ist eine ideale Option, um jedem Raum einen warmen und einladenden Touch zu verleihen.<br \/>Trauen Sie sich, die verschiedenen Farben zu kombinieren und mit ihren Formen zu spielen! Innenw\u00e4nde     <\/p>","protected":false},"excerpt":{"rendered":"<p>Blaue Fliese mit Relief, Format 15\u00d715 cm und gl\u00e4nzender Oberfl\u00e4che, mit sanften Farbabstufungen.Sie besteht aus vier verschiedenen Reliefs, die zuf\u00e4llig gemischt serviert werden.LUCCIOLA ist eine Dekoration aus der Serie TARANTELA, ein Set aus vier Reliefs, die die klassischen Figuren von Hydraulikfliesen nachbilden.Sie k\u00f6nnen in gro\u00dfen Fl\u00e4chen verwendet werden oder einen bestimmten Bereich hervorheben, indem Sie [&hellip;]<\/p>\n","protected":false},"featured_media":529380,"comment_status":"open","ping_status":"closed","template":"","meta":[],"product_brand":[],"product_cat":[457,458,459],"product_tag":[],"class_list":{"0":"post-538009","1":"product","2":"type-product","3":"status-publish","4":"has-post-thumbnail","6":"product_cat-badezimmer","7":"product_cat-kuchen","8":"product_cat-wandfliesen","10":"first","11":"outofstock","12":"shipping-taxable","13":"purchasable","14":"product-type-simple"},"_links":{"self":[{"href":"https:\/\/tilefly.com\/de\/wp-json\/wp\/v2\/product\/538009","targetHints":{"allow":["GET"]}}],"collection":[{"href":"https:\/\/tilefly.com\/de\/wp-json\/wp\/v2\/product"}],"about":[{"href":"https:\/\/tilefly.com\/de\/wp-json\/wp\/v2\/types\/product"}],"replies":[{"embeddable":true,"href":"https:\/\/tilefly.com\/de\/wp-json\/wp\/v2\/comments?post=538009"}],"wp:featuredmedia":[{"embeddable":true,"href":"https:\/\/tilefly.com\/de\/wp-json\/wp\/v2\/media\/529380"}],"wp:attachment":[{"href":"https:\/\/tilefly.com\/de\/wp-json\/wp\/v2\/media?parent=538009"}],"wp:term":[{"taxonomy":"product_brand","embeddable":true,"href":"https:\/\/tilefly.com\/de\/wp-json\/wp\/v2\/product_brand?post=538009"},{"taxonomy":"product_cat","embeddable":true,"href":"https:\/\/tilefly.com\/de\/wp-json\/wp\/v2\/product_cat?post=538009"},{"taxonomy":"product_tag","embeddable":true,"href":"https:\/\/tilefly.com\/de\/wp-json\/wp\/v2\/product_tag?post=538009"}],"curies":[{"name":"wp","href":"https:\/\/api.w.org\/{rel}","templated":true}]}}