{"id":537935,"date":"2021-07-22T17:39:19","date_gmt":"2024-08-27T19:38:23","guid":{"rendered":"https:\/\/tilefly.com\/producto\/chicago-ash-147x147\/"},"modified":"2024-08-27T21:38:23","modified_gmt":"2024-08-27T19:38:23","slug":"chicago-ash-147x147","status":"publish","type":"product","link":"https:\/\/tilefly.com\/de\/produkt\/chicago-ash-147x147\/","title":{"rendered":"CHICAGO ASH 14,7X14,7"},"content":{"rendered":"<p>Von der Stadt inspirierte Feinsteinzeugfliese im Format 14,7\u00d714,7 cm, in modernen Wei\u00dft\u00f6nen mit insgesamt 9 St\u00fccken mit starken Tonalit\u00e4ten.<br \/>Eine neue Serie mit moderner und urbaner Inspiration und einer intensiven Farbkraft.<br \/>Die Abstufung zwischen den einzelnen Teilen ist der Schl\u00fcssel zu einer \u00e4u\u00dferst dekorativen Serie.<br \/>Die Farbpalette von CHICAGO ist so konzipiert, dass sie sowohl auf dem Boden als auch an der Wand miteinander kombiniert werden kann, um einzigartige und inspirierende Mosaike zu schaffen.<br \/>Die Dekore TERRAZO, BOTANIC WARM und BOTANIC COLD vervollst\u00e4ndigen die Serie, indem sie mit den Farben der Kollektion spielen.<br \/>Wagen Sie es, die verschiedenen Formate und Farben der Serie zu kombinieren! <a href=\"https:\/\/tilefly.com\/revestimiento\/\">Boden und<\/a><a href=\"https:\/\/tilefly.com\/baldosas\/\">WandPorzellan<\/a> Innen und Au\u00dfen Widerstandsf\u00e4hig und pflegeleicht     <\/p>","protected":false},"excerpt":{"rendered":"<p>Von der Stadt inspirierte Feinsteinzeugfliese im Format 14,7\u00d714,7 cm, in modernen Wei\u00dft\u00f6nen mit insgesamt 9 St\u00fccken mit starken Tonalit\u00e4ten.Eine neue Serie mit moderner und urbaner Inspiration und einer intensiven Farbkraft.Die Abstufung zwischen den einzelnen Teilen ist der Schl\u00fcssel zu einer \u00e4u\u00dferst dekorativen Serie.Die Farbpalette von CHICAGO ist so konzipiert, dass sie sowohl auf dem Boden [&hellip;]<\/p>\n","protected":false},"featured_media":503138,"comment_status":"open","ping_status":"closed","template":"","meta":[],"product_brand":[],"product_cat":[457,460,458,456,459],"product_tag":[],"class_list":{"0":"post-537935","1":"product","2":"type-product","3":"status-publish","4":"has-post-thumbnail","6":"product_cat-badezimmer","7":"product_cat-bodenfliesen","8":"product_cat-kuchen","9":"product_cat-vohnzimmer","10":"product_cat-wandfliesen","12":"first","13":"instock","14":"shipping-taxable","15":"purchasable","16":"product-type-simple"},"_links":{"self":[{"href":"https:\/\/tilefly.com\/de\/wp-json\/wp\/v2\/product\/537935","targetHints":{"allow":["GET"]}}],"collection":[{"href":"https:\/\/tilefly.com\/de\/wp-json\/wp\/v2\/product"}],"about":[{"href":"https:\/\/tilefly.com\/de\/wp-json\/wp\/v2\/types\/product"}],"replies":[{"embeddable":true,"href":"https:\/\/tilefly.com\/de\/wp-json\/wp\/v2\/comments?post=537935"}],"wp:featuredmedia":[{"embeddable":true,"href":"https:\/\/tilefly.com\/de\/wp-json\/wp\/v2\/media\/503138"}],"wp:attachment":[{"href":"https:\/\/tilefly.com\/de\/wp-json\/wp\/v2\/media?parent=537935"}],"wp:term":[{"taxonomy":"product_brand","embeddable":true,"href":"https:\/\/tilefly.com\/de\/wp-json\/wp\/v2\/product_brand?post=537935"},{"taxonomy":"product_cat","embeddable":true,"href":"https:\/\/tilefly.com\/de\/wp-json\/wp\/v2\/product_cat?post=537935"},{"taxonomy":"product_tag","embeddable":true,"href":"https:\/\/tilefly.com\/de\/wp-json\/wp\/v2\/product_tag?post=537935"}],"curies":[{"name":"wp","href":"https:\/\/api.w.org\/{rel}","templated":true}]}}