{"id":537882,"date":"2022-02-16T12:47:28","date_gmt":"2024-08-27T19:36:12","guid":{"rendered":"https:\/\/tilefly.com\/producto\/chicago-exa-ash-215x25\/"},"modified":"2024-08-27T21:36:12","modified_gmt":"2024-08-27T19:36:12","slug":"chicago-exa-ash-215x25","status":"publish","type":"product","link":"https:\/\/tilefly.com\/de\/produkt\/chicago-exa-ash-215x25\/","title":{"rendered":"CHICAGO EXA ASH 21,5X25"},"content":{"rendered":"<p>Sechseckiges Feinsteinzeug mit urbaner Inspiration, Format 21,5x25cm, in modernen Graut\u00f6nen mit insgesamt 9 St\u00fccken mit starken Tonalit\u00e4ten.<br \/>Die Dekore TERRAZO, BOTANIC WARM und BOTANIC COLD vervollst\u00e4ndigen die Serie und spielen mit den Farben der Kollektion. <\/p>","protected":false},"excerpt":{"rendered":"<p>Sechseckiges Feinsteinzeug mit urbaner Inspiration, Format 21,5x25cm, in modernen Graut\u00f6nen mit insgesamt 9 St\u00fccken mit starken Tonalit\u00e4ten.Die Dekore TERRAZO, BOTANIC WARM und BOTANIC COLD vervollst\u00e4ndigen die Serie und spielen mit den Farben der Kollektion.<\/p>\n","protected":false},"featured_media":514171,"comment_status":"closed","ping_status":"closed","template":"","meta":[],"product_brand":[],"product_cat":[457,460,458,456,459],"product_tag":[],"class_list":{"0":"post-537882","1":"product","2":"type-product","3":"status-publish","4":"has-post-thumbnail","6":"product_cat-badezimmer","7":"product_cat-bodenfliesen","8":"product_cat-kuchen","9":"product_cat-vohnzimmer","10":"product_cat-wandfliesen","12":"first","13":"instock","14":"shipping-taxable","15":"purchasable","16":"product-type-simple"},"_links":{"self":[{"href":"https:\/\/tilefly.com\/de\/wp-json\/wp\/v2\/product\/537882","targetHints":{"allow":["GET"]}}],"collection":[{"href":"https:\/\/tilefly.com\/de\/wp-json\/wp\/v2\/product"}],"about":[{"href":"https:\/\/tilefly.com\/de\/wp-json\/wp\/v2\/types\/product"}],"replies":[{"embeddable":true,"href":"https:\/\/tilefly.com\/de\/wp-json\/wp\/v2\/comments?post=537882"}],"wp:featuredmedia":[{"embeddable":true,"href":"https:\/\/tilefly.com\/de\/wp-json\/wp\/v2\/media\/514171"}],"wp:attachment":[{"href":"https:\/\/tilefly.com\/de\/wp-json\/wp\/v2\/media?parent=537882"}],"wp:term":[{"taxonomy":"product_brand","embeddable":true,"href":"https:\/\/tilefly.com\/de\/wp-json\/wp\/v2\/product_brand?post=537882"},{"taxonomy":"product_cat","embeddable":true,"href":"https:\/\/tilefly.com\/de\/wp-json\/wp\/v2\/product_cat?post=537882"},{"taxonomy":"product_tag","embeddable":true,"href":"https:\/\/tilefly.com\/de\/wp-json\/wp\/v2\/product_tag?post=537882"}],"curies":[{"name":"wp","href":"https:\/\/api.w.org\/{rel}","templated":true}]}}