{"id":537622,"date":"2024-08-27T21:02:35","date_gmt":"2024-08-27T19:02:35","guid":{"rendered":"https:\/\/tilefly.com\/producto\/glamstone-grey-light-mt-333x90-rect\/"},"modified":"2024-08-27T21:30:09","modified_gmt":"2024-08-27T19:30:09","slug":"glamstone-grey-light-mt-333x90-rect","status":"publish","type":"product","link":"https:\/\/tilefly.com\/de\/produkt\/glamstone-grey-light-mt-333x90-rect\/","title":{"rendered":"GLAMSTONE GREY LIGHT MT 33,3X90 RECT"},"content":{"rendered":"<h1><strong>GLAMSTONE GRAU HELL MT 33,3X90 RECT<\/strong><\/h1><p>Die Fliese GLAMSTONE GREY LIGHT im Format 33,3&#215;90 ist eine elegante wei\u00dfe Fliese mit einer raffinierten grauen Farbe in einer matten Oberfl\u00e4che.<br \/>Ihr rektifiziertes Design erm\u00f6glicht eine pr\u00e4zise Verlegung ohne sichtbare Fugen, was sie zu einer perfekten Wahl f\u00fcr die Gestaltung moderner und minimalistischer R\u00e4ume macht.<br \/>Diese Fliese ist ideal f\u00fcr Innenr\u00e4ume und verbindet Haltbarkeit und \u00c4sthetik und verleiht jeder Umgebung einen modernen Touch.  <\/p>","protected":false},"excerpt":{"rendered":"<p>GLAMSTONE GRAU HELL MT 33,3X90 RECTDie Fliese GLAMSTONE GREY LIGHT im Format 33,3&#215;90 ist eine elegante wei\u00dfe Fliese mit einer raffinierten grauen Farbe in einer matten Oberfl\u00e4che.Ihr rektifiziertes Design erm\u00f6glicht eine pr\u00e4zise Verlegung ohne sichtbare Fugen, was sie zu einer perfekten Wahl f\u00fcr die Gestaltung moderner und minimalistischer R\u00e4ume macht.Diese Fliese ist ideal f\u00fcr Innenr\u00e4ume [&hellip;]<\/p>\n","protected":false},"featured_media":537571,"comment_status":"open","ping_status":"closed","template":"","meta":[],"product_brand":[],"product_cat":[457,458,459],"product_tag":[],"class_list":{"0":"post-537622","1":"product","2":"type-product","3":"status-publish","4":"has-post-thumbnail","6":"product_cat-badezimmer","7":"product_cat-kuchen","8":"product_cat-wandfliesen","10":"first","11":"outofstock","12":"shipping-taxable","13":"purchasable","14":"product-type-simple"},"_links":{"self":[{"href":"https:\/\/tilefly.com\/de\/wp-json\/wp\/v2\/product\/537622","targetHints":{"allow":["GET"]}}],"collection":[{"href":"https:\/\/tilefly.com\/de\/wp-json\/wp\/v2\/product"}],"about":[{"href":"https:\/\/tilefly.com\/de\/wp-json\/wp\/v2\/types\/product"}],"replies":[{"embeddable":true,"href":"https:\/\/tilefly.com\/de\/wp-json\/wp\/v2\/comments?post=537622"}],"wp:featuredmedia":[{"embeddable":true,"href":"https:\/\/tilefly.com\/de\/wp-json\/wp\/v2\/media\/537571"}],"wp:attachment":[{"href":"https:\/\/tilefly.com\/de\/wp-json\/wp\/v2\/media?parent=537622"}],"wp:term":[{"taxonomy":"product_brand","embeddable":true,"href":"https:\/\/tilefly.com\/de\/wp-json\/wp\/v2\/product_brand?post=537622"},{"taxonomy":"product_cat","embeddable":true,"href":"https:\/\/tilefly.com\/de\/wp-json\/wp\/v2\/product_cat?post=537622"},{"taxonomy":"product_tag","embeddable":true,"href":"https:\/\/tilefly.com\/de\/wp-json\/wp\/v2\/product_tag?post=537622"}],"curies":[{"name":"wp","href":"https:\/\/api.w.org\/{rel}","templated":true}]}}