{"id":537601,"date":"2024-08-27T20:58:51","date_gmt":"2024-08-27T18:58:51","guid":{"rendered":"https:\/\/tilefly.com\/producto\/glamstone-beige-mt-60x120-rect-inout\/"},"modified":"2024-08-27T21:29:44","modified_gmt":"2024-08-27T19:29:44","slug":"glamstone-beige-mt-60x120-rect-inout","status":"publish","type":"product","link":"https:\/\/tilefly.com\/de\/produkt\/glamstone-beige-mt-60x120-rect-inout\/","title":{"rendered":"GLAMSTONE BEIGE MT 60X120 RECT INOUT"},"content":{"rendered":"<h1><strong>GLAMSTONE BEIGE MT 60X120 RECT INOUT<\/strong><\/h1><p>Die Fliese GLAMSTONE BEIGE im Format 60&#215;120 ist ein elegantes Feinsteinzeug in der Farbe Beige mit einer matten Oberfl\u00e4che.<br \/>Dieses Produkt, das f\u00fcr eine perfekte Passform rektifiziert wurde, eignet sich sowohl f\u00fcr Innen- als auch f\u00fcr Au\u00dfenbereiche und bietet Vielseitigkeit und Stil in jedem Raum.<br \/>Ihr raffiniertes Design und ihre Langlebigkeit machen sie zur perfekten Wahl f\u00fcr alle, die einen modernen und einladenden Touch in ihrer Einrichtung suchen.  <\/p>","protected":false},"excerpt":{"rendered":"<p>GLAMSTONE BEIGE MT 60X120 RECT INOUTDie Fliese GLAMSTONE BEIGE im Format 60&#215;120 ist ein elegantes Feinsteinzeug in der Farbe Beige mit einer matten Oberfl\u00e4che.Dieses Produkt, das f\u00fcr eine perfekte Passform rektifiziert wurde, eignet sich sowohl f\u00fcr Innen- als auch f\u00fcr Au\u00dfenbereiche und bietet Vielseitigkeit und Stil in jedem Raum.Ihr raffiniertes Design und ihre Langlebigkeit machen [&hellip;]<\/p>\n","protected":false},"featured_media":537428,"comment_status":"open","ping_status":"closed","template":"","meta":[],"product_brand":[],"product_cat":[457,458,456,459],"product_tag":[],"class_list":{"0":"post-537601","1":"product","2":"type-product","3":"status-publish","4":"has-post-thumbnail","6":"product_cat-badezimmer","7":"product_cat-kuchen","8":"product_cat-vohnzimmer","9":"product_cat-wandfliesen","11":"first","12":"outofstock","13":"shipping-taxable","14":"purchasable","15":"product-type-simple"},"_links":{"self":[{"href":"https:\/\/tilefly.com\/de\/wp-json\/wp\/v2\/product\/537601","targetHints":{"allow":["GET"]}}],"collection":[{"href":"https:\/\/tilefly.com\/de\/wp-json\/wp\/v2\/product"}],"about":[{"href":"https:\/\/tilefly.com\/de\/wp-json\/wp\/v2\/types\/product"}],"replies":[{"embeddable":true,"href":"https:\/\/tilefly.com\/de\/wp-json\/wp\/v2\/comments?post=537601"}],"wp:featuredmedia":[{"embeddable":true,"href":"https:\/\/tilefly.com\/de\/wp-json\/wp\/v2\/media\/537428"}],"wp:attachment":[{"href":"https:\/\/tilefly.com\/de\/wp-json\/wp\/v2\/media?parent=537601"}],"wp:term":[{"taxonomy":"product_brand","embeddable":true,"href":"https:\/\/tilefly.com\/de\/wp-json\/wp\/v2\/product_brand?post=537601"},{"taxonomy":"product_cat","embeddable":true,"href":"https:\/\/tilefly.com\/de\/wp-json\/wp\/v2\/product_cat?post=537601"},{"taxonomy":"product_tag","embeddable":true,"href":"https:\/\/tilefly.com\/de\/wp-json\/wp\/v2\/product_tag?post=537601"}],"curies":[{"name":"wp","href":"https:\/\/api.w.org\/{rel}","templated":true}]}}