{"id":537037,"date":"2020-10-18T23:58:16","date_gmt":"2024-08-13T15:16:51","guid":{"rendered":"https:\/\/tilefly.com\/producto\/rodapie-selene-light-rec-95x60\/"},"modified":"2024-08-13T17:16:51","modified_gmt":"2024-08-13T15:16:51","slug":"rodapie-selene-light-rec-95x60","status":"publish","type":"product","link":"https:\/\/tilefly.com\/de\/produkt\/rodapie-selene-light-rec-95x60\/","title":{"rendered":"RODAPIE SELENE LIGHT REC 9,5X60"},"content":{"rendered":"<h1><strong>Wei\u00dfe Paste Fliese RODAPIE SELENE LIGHT REC 9,5X60<\/strong><\/h1><p>Diese Fliese Pasta Blanca im Format cm, mit satinierter Oberfl\u00e4che und in der Farbe Wei\u00df ist perfekt f\u00fcr Ihr Zuhause.<br \/>Ihr Herstellungsmaterial ist Pasta Blanca. <\/p><p>Besondere Merkmale: Zementimitation<\/p>","protected":false},"excerpt":{"rendered":"<p>Wei\u00dfe Paste Fliese RODAPIE SELENE LIGHT REC 9,5X60Diese Fliese Pasta Blanca im Format cm, mit satinierter Oberfl\u00e4che und in der Farbe Wei\u00df ist perfekt f\u00fcr Ihr Zuhause.Ihr Herstellungsmaterial ist Pasta Blanca. Besondere Merkmale: Zementimitation<\/p>\n","protected":false},"featured_media":133642,"comment_status":"open","ping_status":"closed","template":"","meta":[],"product_brand":[],"product_cat":[457,458,459],"product_tag":[],"class_list":{"0":"post-537037","1":"product","2":"type-product","3":"status-publish","4":"has-post-thumbnail","6":"product_cat-badezimmer","7":"product_cat-kuchen","8":"product_cat-wandfliesen","10":"first","11":"outofstock","12":"shipping-taxable","13":"purchasable","14":"product-type-simple"},"_links":{"self":[{"href":"https:\/\/tilefly.com\/de\/wp-json\/wp\/v2\/product\/537037","targetHints":{"allow":["GET"]}}],"collection":[{"href":"https:\/\/tilefly.com\/de\/wp-json\/wp\/v2\/product"}],"about":[{"href":"https:\/\/tilefly.com\/de\/wp-json\/wp\/v2\/types\/product"}],"replies":[{"embeddable":true,"href":"https:\/\/tilefly.com\/de\/wp-json\/wp\/v2\/comments?post=537037"}],"wp:featuredmedia":[{"embeddable":true,"href":"https:\/\/tilefly.com\/de\/wp-json\/wp\/v2\/product\/133642"}],"wp:attachment":[{"href":"https:\/\/tilefly.com\/de\/wp-json\/wp\/v2\/media?parent=537037"}],"wp:term":[{"taxonomy":"product_brand","embeddable":true,"href":"https:\/\/tilefly.com\/de\/wp-json\/wp\/v2\/product_brand?post=537037"},{"taxonomy":"product_cat","embeddable":true,"href":"https:\/\/tilefly.com\/de\/wp-json\/wp\/v2\/product_cat?post=537037"},{"taxonomy":"product_tag","embeddable":true,"href":"https:\/\/tilefly.com\/de\/wp-json\/wp\/v2\/product_tag?post=537037"}],"curies":[{"name":"wp","href":"https:\/\/api.w.org\/{rel}","templated":true}]}}