{"id":536905,"date":"2019-09-13T12:14:34","date_gmt":"2019-09-13T10:14:34","guid":{"rendered":"https:\/\/tilefly.com\/producto\/all-white-matt-rect-30x60\/"},"modified":"2024-08-13T17:07:12","modified_gmt":"2024-08-13T15:07:12","slug":"all-white-matt-rect-30x60","status":"publish","type":"product","link":"https:\/\/tilefly.com\/de\/produkt\/all-white-matt-rect-30x60\/","title":{"rendered":"ALL WHITE MATT RECT, 30X60"},"content":{"rendered":"<h1><strong>Wei\u00dfe Paste Fliese ALL WHITE MATT RECT, 30X60<\/strong><\/h1><p>Diese Fliese Pasta Blanca im Format 30X60 cm, matte Oberfl\u00e4che und Farbe Wei\u00df ist perfekt f\u00fcr Ihr Zuhause.<br \/>Ihr Herstellungsmaterial ist White Paste. <\/p><p>Besondere Merkmale: Dekoriert<\/p>","protected":false},"excerpt":{"rendered":"<p>Wei\u00dfe Paste Fliese ALL WHITE MATT RECT, 30X60Diese Fliese Pasta Blanca im Format 30X60 cm, matte Oberfl\u00e4che und Farbe Wei\u00df ist perfekt f\u00fcr Ihr Zuhause.Ihr Herstellungsmaterial ist White Paste. Besondere Merkmale: Dekoriert<\/p>\n","protected":false},"featured_media":61460,"comment_status":"closed","ping_status":"closed","template":"","meta":[],"product_brand":[],"product_cat":[457,460,458,459],"product_tag":[],"class_list":{"0":"post-536905","1":"product","2":"type-product","3":"status-publish","4":"has-post-thumbnail","6":"product_cat-badezimmer","7":"product_cat-bodenfliesen","8":"product_cat-kuchen","9":"product_cat-wandfliesen","11":"first","12":"instock","13":"shipping-taxable","14":"purchasable","15":"product-type-simple"},"_links":{"self":[{"href":"https:\/\/tilefly.com\/de\/wp-json\/wp\/v2\/product\/536905","targetHints":{"allow":["GET"]}}],"collection":[{"href":"https:\/\/tilefly.com\/de\/wp-json\/wp\/v2\/product"}],"about":[{"href":"https:\/\/tilefly.com\/de\/wp-json\/wp\/v2\/types\/product"}],"replies":[{"embeddable":true,"href":"https:\/\/tilefly.com\/de\/wp-json\/wp\/v2\/comments?post=536905"}],"wp:featuredmedia":[{"embeddable":true,"href":"https:\/\/tilefly.com\/de\/wp-json\/wp\/v2\/media\/61460"}],"wp:attachment":[{"href":"https:\/\/tilefly.com\/de\/wp-json\/wp\/v2\/media?parent=536905"}],"wp:term":[{"taxonomy":"product_brand","embeddable":true,"href":"https:\/\/tilefly.com\/de\/wp-json\/wp\/v2\/product_brand?post=536905"},{"taxonomy":"product_cat","embeddable":true,"href":"https:\/\/tilefly.com\/de\/wp-json\/wp\/v2\/product_cat?post=536905"},{"taxonomy":"product_tag","embeddable":true,"href":"https:\/\/tilefly.com\/de\/wp-json\/wp\/v2\/product_tag?post=536905"}],"curies":[{"name":"wp","href":"https:\/\/api.w.org\/{rel}","templated":true}]}}