{"id":536892,"date":"2019-09-13T12:28:50","date_gmt":"2019-09-13T10:28:50","guid":{"rendered":"https:\/\/tilefly.com\/producto\/vita-polished-rect-30x60\/"},"modified":"2024-08-13T17:04:08","modified_gmt":"2024-08-13T15:04:08","slug":"vita-polished-rect-30x60","status":"publish","type":"product","link":"https:\/\/tilefly.com\/de\/produkt\/vita-polished-rect-30x60\/","title":{"rendered":"VITA POLISHED RECT, 30X60"},"content":{"rendered":"<h1><strong>Feinsteinzeug VITA POLISHED RECT, 30X60<\/strong><\/h1><p>Dieses Feinsteinzeug im Format 30X60 cm, gl\u00e4nzend, poliert und mit wei\u00dfer Oberfl\u00e4che ist perfekt f\u00fcr Ihr Zuhause.<br \/>Ihr Herstellungsmaterial ist Feinsteinzeug. <\/p><p>Besondere Merkmale: Marmorimitation, Steinimitation<\/p>","protected":false},"excerpt":{"rendered":"<p>Feinsteinzeug VITA POLISHED RECT, 30X60Dieses Feinsteinzeug im Format 30X60 cm, gl\u00e4nzend, poliert und mit wei\u00dfer Oberfl\u00e4che ist perfekt f\u00fcr Ihr Zuhause.Ihr Herstellungsmaterial ist Feinsteinzeug. Besondere Merkmale: Marmorimitation, Steinimitation<\/p>\n","protected":false},"featured_media":62664,"comment_status":"closed","ping_status":"closed","template":"","meta":[],"product_brand":[],"product_cat":[457,460,458,456,459],"product_tag":[],"class_list":{"0":"post-536892","1":"product","2":"type-product","3":"status-publish","4":"has-post-thumbnail","6":"product_cat-badezimmer","7":"product_cat-bodenfliesen","8":"product_cat-kuchen","9":"product_cat-vohnzimmer","10":"product_cat-wandfliesen","12":"first","13":"instock","14":"shipping-taxable","15":"purchasable","16":"product-type-simple"},"_links":{"self":[{"href":"https:\/\/tilefly.com\/de\/wp-json\/wp\/v2\/product\/536892","targetHints":{"allow":["GET"]}}],"collection":[{"href":"https:\/\/tilefly.com\/de\/wp-json\/wp\/v2\/product"}],"about":[{"href":"https:\/\/tilefly.com\/de\/wp-json\/wp\/v2\/types\/product"}],"replies":[{"embeddable":true,"href":"https:\/\/tilefly.com\/de\/wp-json\/wp\/v2\/comments?post=536892"}],"wp:featuredmedia":[{"embeddable":true,"href":"https:\/\/tilefly.com\/de\/wp-json\/wp\/v2\/media\/62664"}],"wp:attachment":[{"href":"https:\/\/tilefly.com\/de\/wp-json\/wp\/v2\/media?parent=536892"}],"wp:term":[{"taxonomy":"product_brand","embeddable":true,"href":"https:\/\/tilefly.com\/de\/wp-json\/wp\/v2\/product_brand?post=536892"},{"taxonomy":"product_cat","embeddable":true,"href":"https:\/\/tilefly.com\/de\/wp-json\/wp\/v2\/product_cat?post=536892"},{"taxonomy":"product_tag","embeddable":true,"href":"https:\/\/tilefly.com\/de\/wp-json\/wp\/v2\/product_tag?post=536892"}],"curies":[{"name":"wp","href":"https:\/\/api.w.org\/{rel}","templated":true}]}}