{"id":536814,"date":"2020-09-08T15:10:44","date_gmt":"2024-08-13T14:59:05","guid":{"rendered":"https:\/\/tilefly.com\/producto\/majestic-bianco-pulido-40x120\/"},"modified":"2024-08-13T16:59:05","modified_gmt":"2024-08-13T14:59:05","slug":"majestic-bianco-pulido-40x120","status":"publish","type":"product","link":"https:\/\/tilefly.com\/de\/produkt\/majestic-bianco-pulido-40x120\/","title":{"rendered":"MAJESTIC BIANCO PULIDO 40X120"},"content":{"rendered":"<p>Einfarbig glasiertes Feinsteinzeug Extreme Leichtigkeit und maximale Dunkelheit.<br \/>Das ist die Serie Majestic mit ihren zwei Farben, die einen totalen Kontrast darstellen.<br \/>Die Unbuntheit und Schlichtheit dieser Serie ist ihr Hauptmerkmal, das das hellste Wei\u00df und das dunkelste Schwarz verst\u00e4rkt und ihnen die Hauptrolle zuweist.<br \/>Auf diese Weise erneuert Majestic das Konzept der Eleganz in der minimalistischen Inneneinrichtung.<br \/>Miteinander kombiniert, lassen sich optisch beeindruckende Oberfl\u00e4chen und unvorstellbare Designs erzielen.<br \/>Die Intensit\u00e4t beider Farben im selben Raum verleiht jedem Raum eine starke Pers\u00f6nlichkeit und kann in modernen K\u00fcchen, zeitgen\u00f6ssischen Fu\u00dfb\u00f6den oder minimalistischen B\u00e4dern eingesetzt werden.<br \/>Diese Kollektion ist auch in gro\u00dfformatigen Fliesen (120X120 und 90X180) erh\u00e4ltlich.      <\/p>","protected":false},"excerpt":{"rendered":"<p>Einfarbig glasiertes Feinsteinzeug Extreme Leichtigkeit und maximale Dunkelheit.Das ist die Serie Majestic mit ihren zwei Farben, die einen totalen Kontrast darstellen.Die Unbuntheit und Schlichtheit dieser Serie ist ihr Hauptmerkmal, das das hellste Wei\u00df und das dunkelste Schwarz verst\u00e4rkt und ihnen die Hauptrolle zuweist.Auf diese Weise erneuert Majestic das Konzept der Eleganz in der minimalistischen Inneneinrichtung.Miteinander [&hellip;]<\/p>\n","protected":false},"featured_media":82399,"comment_status":"open","ping_status":"closed","template":"","meta":[],"product_brand":[],"product_cat":[457,458,456,459],"product_tag":[],"class_list":{"0":"post-536814","1":"product","2":"type-product","3":"status-publish","4":"has-post-thumbnail","6":"product_cat-badezimmer","7":"product_cat-kuchen","8":"product_cat-vohnzimmer","9":"product_cat-wandfliesen","11":"first","12":"outofstock","13":"shipping-taxable","14":"purchasable","15":"product-type-simple"},"_links":{"self":[{"href":"https:\/\/tilefly.com\/de\/wp-json\/wp\/v2\/product\/536814","targetHints":{"allow":["GET"]}}],"collection":[{"href":"https:\/\/tilefly.com\/de\/wp-json\/wp\/v2\/product"}],"about":[{"href":"https:\/\/tilefly.com\/de\/wp-json\/wp\/v2\/types\/product"}],"replies":[{"embeddable":true,"href":"https:\/\/tilefly.com\/de\/wp-json\/wp\/v2\/comments?post=536814"}],"wp:featuredmedia":[{"embeddable":true,"href":"https:\/\/tilefly.com\/de\/wp-json\/wp\/v2\/media\/82399"}],"wp:attachment":[{"href":"https:\/\/tilefly.com\/de\/wp-json\/wp\/v2\/media?parent=536814"}],"wp:term":[{"taxonomy":"product_brand","embeddable":true,"href":"https:\/\/tilefly.com\/de\/wp-json\/wp\/v2\/product_brand?post=536814"},{"taxonomy":"product_cat","embeddable":true,"href":"https:\/\/tilefly.com\/de\/wp-json\/wp\/v2\/product_cat?post=536814"},{"taxonomy":"product_tag","embeddable":true,"href":"https:\/\/tilefly.com\/de\/wp-json\/wp\/v2\/product_tag?post=536814"}],"curies":[{"name":"wp","href":"https:\/\/api.w.org\/{rel}","templated":true}]}}