{"id":536765,"date":"2022-05-25T11:20:59","date_gmt":"2024-08-13T14:56:34","guid":{"rendered":"https:\/\/tilefly.com\/producto\/majestic-bianco-relieve-panal-natural-30x60\/"},"modified":"2024-08-13T16:56:34","modified_gmt":"2024-08-13T14:56:34","slug":"majestic-bianco-relieve-panal-natural-30x60","status":"publish","type":"product","link":"https:\/\/tilefly.com\/de\/produkt\/majestic-bianco-relieve-panal-natural-30x60\/","title":{"rendered":"MAJESTIC BIANCO RELIEVE PANAL NATURAL 30X60"},"content":{"rendered":"<p>Rektifizierte wei\u00dfe <a href=\"https:\/\/tilefly.com\/revestimiento\/\">Pastenverkleidung<\/a> 30\u00d760 mit Relief.<br \/>Der Achromatismus und die Schlichtheit dieser Serie machen sie zu ihrem Hauptmerkmal, indem sie das hellste Wei\u00df verst\u00e4rken und in den Vordergrund r\u00fccken.<br \/>Auf diese Weise erneuert Majestic das Konzept der Eleganz in der minimalistischen Innenarchitektur.<br \/>Miteinander kombiniert, lassen sich optisch beeindruckende Oberfl\u00e4chen und unvorstellbare Designs erzielen.<br \/>Die Intensit\u00e4t beider Farben im gleichen Raum verleiht jedem Raum eine starke Pers\u00f6nlichkeit und kann in modernen K\u00fcchen oder minimalistischen B\u00e4dern eingesetzt werden.<br \/>Diese Kollektion ist auch f\u00fcr <a title=\"Bodenfliesen\" href=\"https:\/\/tilefly.com\/baldosas\/\">Feinsteinzeugfliesen<\/a> erh\u00e4ltlich.     <\/p>","protected":false},"excerpt":{"rendered":"<p>Rektifizierte wei\u00dfe Pastenverkleidung 30\u00d760 mit Relief.Der Achromatismus und die Schlichtheit dieser Serie machen sie zu ihrem Hauptmerkmal, indem sie das hellste Wei\u00df verst\u00e4rken und in den Vordergrund r\u00fccken.Auf diese Weise erneuert Majestic das Konzept der Eleganz in der minimalistischen Innenarchitektur.Miteinander kombiniert, lassen sich optisch beeindruckende Oberfl\u00e4chen und unvorstellbare Designs erzielen.Die Intensit\u00e4t beider Farben im gleichen [&hellip;]<\/p>\n","protected":false},"featured_media":518897,"comment_status":"closed","ping_status":"closed","template":"","meta":[],"product_brand":[],"product_cat":[457,458,459],"product_tag":[],"class_list":{"0":"post-536765","1":"product","2":"type-product","3":"status-publish","4":"has-post-thumbnail","6":"product_cat-badezimmer","7":"product_cat-kuchen","8":"product_cat-wandfliesen","10":"first","11":"outofstock","12":"shipping-taxable","13":"purchasable","14":"product-type-simple"},"_links":{"self":[{"href":"https:\/\/tilefly.com\/de\/wp-json\/wp\/v2\/product\/536765","targetHints":{"allow":["GET"]}}],"collection":[{"href":"https:\/\/tilefly.com\/de\/wp-json\/wp\/v2\/product"}],"about":[{"href":"https:\/\/tilefly.com\/de\/wp-json\/wp\/v2\/types\/product"}],"replies":[{"embeddable":true,"href":"https:\/\/tilefly.com\/de\/wp-json\/wp\/v2\/comments?post=536765"}],"wp:featuredmedia":[{"embeddable":true,"href":"https:\/\/tilefly.com\/de\/wp-json\/wp\/v2\/media\/518897"}],"wp:attachment":[{"href":"https:\/\/tilefly.com\/de\/wp-json\/wp\/v2\/media?parent=536765"}],"wp:term":[{"taxonomy":"product_brand","embeddable":true,"href":"https:\/\/tilefly.com\/de\/wp-json\/wp\/v2\/product_brand?post=536765"},{"taxonomy":"product_cat","embeddable":true,"href":"https:\/\/tilefly.com\/de\/wp-json\/wp\/v2\/product_cat?post=536765"},{"taxonomy":"product_tag","embeddable":true,"href":"https:\/\/tilefly.com\/de\/wp-json\/wp\/v2\/product_tag?post=536765"}],"curies":[{"name":"wp","href":"https:\/\/api.w.org\/{rel}","templated":true}]}}