{"id":536756,"date":"2022-04-13T13:57:58","date_gmt":"2024-08-13T14:56:13","guid":{"rendered":"https:\/\/tilefly.com\/producto\/calacatta-bianco-relieve-panal-natural-30x60\/"},"modified":"2024-08-13T16:56:13","modified_gmt":"2024-08-13T14:56:13","slug":"calacatta-bianco-relieve-panal-natural-30x60","status":"publish","type":"product","link":"https:\/\/tilefly.com\/de\/produkt\/calacatta-bianco-relieve-panal-natural-30x60\/","title":{"rendered":"CALACATTA BIANCO RELIEVE PANAL NATURAL 30X60"},"content":{"rendered":"<p>Wei\u00dfe Pastenverkleidung im Format 30\u00d760 in nat\u00fcrlicher Ausf\u00fchrung.<br \/>Die passende Calacatta Bianco Panal dekorierte Verkleidung ist im Format 30\u00d760 in nat\u00fcrlicher Ausf\u00fchrung erh\u00e4ltlich.<br \/>Die Eleganz eines zeitlosen Klassikers, Marmor, ein unersetzlicher Klassiker in der Geschichte des Designs und der Inneneinrichtung.<br \/>Diese Serie ist in gl\u00e4nzender und nat\u00fcrlicher Ausf\u00fchrung erh\u00e4ltlich.   <\/p>","protected":false},"excerpt":{"rendered":"<p>Wei\u00dfe Pastenverkleidung im Format 30\u00d760 in nat\u00fcrlicher Ausf\u00fchrung.Die passende Calacatta Bianco Panal dekorierte Verkleidung ist im Format 30\u00d760 in nat\u00fcrlicher Ausf\u00fchrung erh\u00e4ltlich.Die Eleganz eines zeitlosen Klassikers, Marmor, ein unersetzlicher Klassiker in der Geschichte des Designs und der Inneneinrichtung.Diese Serie ist in gl\u00e4nzender und nat\u00fcrlicher Ausf\u00fchrung erh\u00e4ltlich.<\/p>\n","protected":false},"featured_media":514471,"comment_status":"closed","ping_status":"closed","template":"","meta":[],"product_brand":[],"product_cat":[457,458,459],"product_tag":[],"class_list":{"0":"post-536756","1":"product","2":"type-product","3":"status-publish","4":"has-post-thumbnail","6":"product_cat-badezimmer","7":"product_cat-kuchen","8":"product_cat-wandfliesen","10":"first","11":"outofstock","12":"shipping-taxable","13":"purchasable","14":"product-type-simple"},"_links":{"self":[{"href":"https:\/\/tilefly.com\/de\/wp-json\/wp\/v2\/product\/536756","targetHints":{"allow":["GET"]}}],"collection":[{"href":"https:\/\/tilefly.com\/de\/wp-json\/wp\/v2\/product"}],"about":[{"href":"https:\/\/tilefly.com\/de\/wp-json\/wp\/v2\/types\/product"}],"replies":[{"embeddable":true,"href":"https:\/\/tilefly.com\/de\/wp-json\/wp\/v2\/comments?post=536756"}],"wp:featuredmedia":[{"embeddable":true,"href":"https:\/\/tilefly.com\/de\/wp-json\/wp\/v2\/media\/514471"}],"wp:attachment":[{"href":"https:\/\/tilefly.com\/de\/wp-json\/wp\/v2\/media?parent=536756"}],"wp:term":[{"taxonomy":"product_brand","embeddable":true,"href":"https:\/\/tilefly.com\/de\/wp-json\/wp\/v2\/product_brand?post=536756"},{"taxonomy":"product_cat","embeddable":true,"href":"https:\/\/tilefly.com\/de\/wp-json\/wp\/v2\/product_cat?post=536756"},{"taxonomy":"product_tag","embeddable":true,"href":"https:\/\/tilefly.com\/de\/wp-json\/wp\/v2\/product_tag?post=536756"}],"curies":[{"name":"wp","href":"https:\/\/api.w.org\/{rel}","templated":true}]}}