{"id":536743,"date":"2020-10-19T07:47:28","date_gmt":"2024-08-13T14:56:06","guid":{"rendered":"https:\/\/tilefly.com\/producto\/venezia-30x60\/"},"modified":"2024-08-13T16:56:06","modified_gmt":"2024-08-13T14:56:06","slug":"venezia-30x60","status":"publish","type":"product","link":"https:\/\/tilefly.com\/de\/produkt\/venezia-30x60\/","title":{"rendered":"VENEZIA 30X60"},"content":{"rendered":"<p>Elegantes Glas mit rustikalem Relief in Kupfert\u00f6nen.<br \/>Die besten T\u00f6ne zum Mischen sind Marmor und Wei\u00df.<br \/>Dazu gibt es ein passendes Glaswaschbecken.  <\/p>","protected":false},"excerpt":{"rendered":"<p>Elegantes Glas mit rustikalem Relief in Kupfert\u00f6nen.Die besten T\u00f6ne zum Mischen sind Marmor und Wei\u00df.Dazu gibt es ein passendes Glaswaschbecken.<\/p>\n","protected":false},"featured_media":536745,"comment_status":"open","ping_status":"closed","template":"","meta":[],"product_brand":[],"product_cat":[457,458,459],"product_tag":[],"class_list":{"0":"post-536743","1":"product","2":"type-product","3":"status-publish","4":"has-post-thumbnail","6":"product_cat-badezimmer","7":"product_cat-kuchen","8":"product_cat-wandfliesen","10":"first","11":"instock","12":"shipping-taxable","13":"purchasable","14":"product-type-simple"},"_links":{"self":[{"href":"https:\/\/tilefly.com\/de\/wp-json\/wp\/v2\/product\/536743","targetHints":{"allow":["GET"]}}],"collection":[{"href":"https:\/\/tilefly.com\/de\/wp-json\/wp\/v2\/product"}],"about":[{"href":"https:\/\/tilefly.com\/de\/wp-json\/wp\/v2\/types\/product"}],"replies":[{"embeddable":true,"href":"https:\/\/tilefly.com\/de\/wp-json\/wp\/v2\/comments?post=536743"}],"wp:featuredmedia":[{"embeddable":true,"href":"https:\/\/tilefly.com\/de\/wp-json\/wp\/v2\/media\/536745"}],"wp:attachment":[{"href":"https:\/\/tilefly.com\/de\/wp-json\/wp\/v2\/media?parent=536743"}],"wp:term":[{"taxonomy":"product_brand","embeddable":true,"href":"https:\/\/tilefly.com\/de\/wp-json\/wp\/v2\/product_brand?post=536743"},{"taxonomy":"product_cat","embeddable":true,"href":"https:\/\/tilefly.com\/de\/wp-json\/wp\/v2\/product_cat?post=536743"},{"taxonomy":"product_tag","embeddable":true,"href":"https:\/\/tilefly.com\/de\/wp-json\/wp\/v2\/product_tag?post=536743"}],"curies":[{"name":"wp","href":"https:\/\/api.w.org\/{rel}","templated":true}]}}