{"id":536674,"date":"2020-10-12T21:53:54","date_gmt":"2024-08-13T14:55:03","guid":{"rendered":"https:\/\/tilefly.com\/producto\/klint-beige-mt-30x60\/"},"modified":"2024-08-13T16:55:03","modified_gmt":"2024-08-13T14:55:03","slug":"klint-beige-mt-30x60","status":"publish","type":"product","link":"https:\/\/tilefly.com\/de\/produkt\/klint-beige-mt-30x60\/","title":{"rendered":"KLINT BEIGE MT 30X60"},"content":{"rendered":"<p>Diese rote Pastenfliese aus der Serie Klint ist eine preisg\u00fcnstige Wandfliese, die sich ideal f\u00fcr nicht nasse Bereiche eignet. Sie hat eine Steinimitationsstruktur und eine matte Oberfl\u00e4che im Format 30X60 Zentimeter.<\/p>","protected":false},"excerpt":{"rendered":"<p>Diese rote Pastenfliese aus der Serie Klint ist eine preisg\u00fcnstige Wandfliese, die sich ideal f\u00fcr nicht nasse Bereiche eignet. Sie hat eine Steinimitationsstruktur und eine matte Oberfl\u00e4che im Format 30X60 Zentimeter.<\/p>\n","protected":false},"featured_media":536677,"comment_status":"open","ping_status":"closed","template":"","meta":[],"product_brand":[],"product_cat":[459],"product_tag":[],"class_list":{"0":"post-536674","1":"product","2":"type-product","3":"status-publish","4":"has-post-thumbnail","6":"product_cat-wandfliesen","8":"first","9":"outofstock","10":"shipping-taxable","11":"purchasable","12":"product-type-simple"},"_links":{"self":[{"href":"https:\/\/tilefly.com\/de\/wp-json\/wp\/v2\/product\/536674","targetHints":{"allow":["GET"]}}],"collection":[{"href":"https:\/\/tilefly.com\/de\/wp-json\/wp\/v2\/product"}],"about":[{"href":"https:\/\/tilefly.com\/de\/wp-json\/wp\/v2\/types\/product"}],"replies":[{"embeddable":true,"href":"https:\/\/tilefly.com\/de\/wp-json\/wp\/v2\/comments?post=536674"}],"wp:featuredmedia":[{"embeddable":true,"href":"https:\/\/tilefly.com\/de\/wp-json\/wp\/v2\/media\/536677"}],"wp:attachment":[{"href":"https:\/\/tilefly.com\/de\/wp-json\/wp\/v2\/media?parent=536674"}],"wp:term":[{"taxonomy":"product_brand","embeddable":true,"href":"https:\/\/tilefly.com\/de\/wp-json\/wp\/v2\/product_brand?post=536674"},{"taxonomy":"product_cat","embeddable":true,"href":"https:\/\/tilefly.com\/de\/wp-json\/wp\/v2\/product_cat?post=536674"},{"taxonomy":"product_tag","embeddable":true,"href":"https:\/\/tilefly.com\/de\/wp-json\/wp\/v2\/product_tag?post=536674"}],"curies":[{"name":"wp","href":"https:\/\/api.w.org\/{rel}","templated":true}]}}