{"id":536491,"date":"2020-10-09T14:48:27","date_gmt":"2020-10-09T12:48:27","guid":{"rendered":"https:\/\/tilefly.com\/producto\/kaplan-gris-mt-30x60\/"},"modified":"2024-08-13T16:51:02","modified_gmt":"2024-08-13T14:51:02","slug":"kaplan-gris-mt-30x60","status":"publish","type":"product","link":"https:\/\/tilefly.com\/de\/produkt\/kaplan-gris-mt-30x60\/","title":{"rendered":"KAPLAN GRIS MT 30X60"},"content":{"rendered":"<p>Diese Feinsteinzeugfliese der Serie KAPLAN zeichnet sich durch ihr emailliertes Porzellanmaterial aus, das zu den widerstandsf\u00e4higsten auf dem Markt geh\u00f6rt. Sie hat eine Steinsteinimitatstruktur mit matter Oberfl\u00e4che im Format 30X60.<\/p>","protected":false},"excerpt":{"rendered":"<p>Diese Feinsteinzeugfliese der Serie KAPLAN zeichnet sich durch ihr emailliertes Porzellanmaterial aus, das zu den widerstandsf\u00e4higsten auf dem Markt geh\u00f6rt. Sie hat eine Steinsteinimitatstruktur mit matter Oberfl\u00e4che im Format 30X60.<\/p>\n","protected":false},"featured_media":536493,"comment_status":"open","ping_status":"closed","template":"","meta":[],"product_brand":[],"product_cat":[460,458,456],"product_tag":[],"class_list":{"0":"post-536491","1":"product","2":"type-product","3":"status-publish","4":"has-post-thumbnail","6":"product_cat-bodenfliesen","7":"product_cat-kuchen","8":"product_cat-vohnzimmer","10":"first","11":"outofstock","12":"shipping-taxable","13":"purchasable","14":"product-type-simple"},"_links":{"self":[{"href":"https:\/\/tilefly.com\/de\/wp-json\/wp\/v2\/product\/536491","targetHints":{"allow":["GET"]}}],"collection":[{"href":"https:\/\/tilefly.com\/de\/wp-json\/wp\/v2\/product"}],"about":[{"href":"https:\/\/tilefly.com\/de\/wp-json\/wp\/v2\/types\/product"}],"replies":[{"embeddable":true,"href":"https:\/\/tilefly.com\/de\/wp-json\/wp\/v2\/comments?post=536491"}],"wp:featuredmedia":[{"embeddable":true,"href":"https:\/\/tilefly.com\/de\/wp-json\/wp\/v2\/media\/536493"}],"wp:attachment":[{"href":"https:\/\/tilefly.com\/de\/wp-json\/wp\/v2\/media?parent=536491"}],"wp:term":[{"taxonomy":"product_brand","embeddable":true,"href":"https:\/\/tilefly.com\/de\/wp-json\/wp\/v2\/product_brand?post=536491"},{"taxonomy":"product_cat","embeddable":true,"href":"https:\/\/tilefly.com\/de\/wp-json\/wp\/v2\/product_cat?post=536491"},{"taxonomy":"product_tag","embeddable":true,"href":"https:\/\/tilefly.com\/de\/wp-json\/wp\/v2\/product_tag?post=536491"}],"curies":[{"name":"wp","href":"https:\/\/api.w.org\/{rel}","templated":true}]}}