{"id":536143,"date":"2020-10-16T07:46:07","date_gmt":"2024-08-13T14:45:13","guid":{"rendered":"https:\/\/tilefly.com\/producto\/factory-grafite-rec-30x60\/"},"modified":"2024-08-13T16:45:13","modified_gmt":"2024-08-13T14:45:13","slug":"factory-grafite-rec-30x60","status":"publish","type":"product","link":"https:\/\/tilefly.com\/de\/produkt\/factory-grafite-rec-30x60\/","title":{"rendered":"FACTORY GRAFITE REC 30X60"},"content":{"rendered":"<p>Serie Factory, Fliesen mit zementartiger Oberfl\u00e4che, die f\u00fcr die Gestaltung moderner R\u00e4ume konzipiert wurden.<br \/>Die Farben der Serie hei\u00dfen Fumo (Smoke), Ferro (Iron) und Grafite (Graphite).<br \/>Erh\u00e4ltlich in den Formaten 20&#215;20, 30&#215;60, 60&#215;60 und 60&#215;120.  <\/p>","protected":false},"excerpt":{"rendered":"<p>Serie Factory, Fliesen mit zementartiger Oberfl\u00e4che, die f\u00fcr die Gestaltung moderner R\u00e4ume konzipiert wurden.Die Farben der Serie hei\u00dfen Fumo (Smoke), Ferro (Iron) und Grafite (Graphite).Erh\u00e4ltlich in den Formaten 20&#215;20, 30&#215;60, 60&#215;60 und 60&#215;120.<\/p>\n","protected":false},"featured_media":536145,"comment_status":"open","ping_status":"closed","template":"","meta":[],"product_brand":[],"product_cat":[460,456],"product_tag":[],"class_list":{"0":"post-536143","1":"product","2":"type-product","3":"status-publish","4":"has-post-thumbnail","6":"product_cat-bodenfliesen","7":"product_cat-vohnzimmer","9":"first","10":"outofstock","11":"shipping-taxable","12":"purchasable","13":"product-type-simple"},"_links":{"self":[{"href":"https:\/\/tilefly.com\/de\/wp-json\/wp\/v2\/product\/536143","targetHints":{"allow":["GET"]}}],"collection":[{"href":"https:\/\/tilefly.com\/de\/wp-json\/wp\/v2\/product"}],"about":[{"href":"https:\/\/tilefly.com\/de\/wp-json\/wp\/v2\/types\/product"}],"replies":[{"embeddable":true,"href":"https:\/\/tilefly.com\/de\/wp-json\/wp\/v2\/comments?post=536143"}],"wp:featuredmedia":[{"embeddable":true,"href":"https:\/\/tilefly.com\/de\/wp-json\/wp\/v2\/media\/536145"}],"wp:attachment":[{"href":"https:\/\/tilefly.com\/de\/wp-json\/wp\/v2\/media?parent=536143"}],"wp:term":[{"taxonomy":"product_brand","embeddable":true,"href":"https:\/\/tilefly.com\/de\/wp-json\/wp\/v2\/product_brand?post=536143"},{"taxonomy":"product_cat","embeddable":true,"href":"https:\/\/tilefly.com\/de\/wp-json\/wp\/v2\/product_cat?post=536143"},{"taxonomy":"product_tag","embeddable":true,"href":"https:\/\/tilefly.com\/de\/wp-json\/wp\/v2\/product_tag?post=536143"}],"curies":[{"name":"wp","href":"https:\/\/api.w.org\/{rel}","templated":true}]}}