{"id":536051,"date":"2021-06-25T14:45:17","date_gmt":"2024-08-13T14:43:56","guid":{"rendered":"https:\/\/tilefly.com\/producto\/pulpis-light-grey-30x90\/"},"modified":"2024-08-13T16:43:56","modified_gmt":"2024-08-13T14:43:56","slug":"pulpis-light-grey-30x90","status":"publish","type":"product","link":"https:\/\/tilefly.com\/de\/produkt\/pulpis-light-grey-30x90\/","title":{"rendered":"PULPIS LIGHT GREY 30X90"},"content":{"rendered":"<p>Neue Serie von Rectified 30&#215;90 wei\u00dfer <a href=\"https:\/\/tilefly.com\/de\/wandfliesen\/\">Scherbenverkleidung<\/a> Marmor, ein unersetzlicher Klassiker in der Geschichte des Designs und der Innenarchitektur.<br \/>Aus diesem gro\u00dfen Engagement f\u00fcr die Entwicklung von marmoriertem Feinsteinzeug entstand Maximus.<br \/>Entwickelt mit den neuesten Technologien, um Maximus zu dem zu machen, was es heute ist: die Haltbarkeit, Zweckm\u00e4\u00dfigkeit und Widerstandsf\u00e4higkeit eines Feinsteinzeugs mit einer klassischen, eleganten und zeitlosen stilistischen L\u00f6sung f\u00fcr die Nachbildung von Marmor.<br \/>Mit jedem der 10 verschiedenen Designs ist es m\u00f6glich, R\u00e4ume von gro\u00dfer \u00e4sthetischer Kraft und Charakter zu schaffen.<br \/>Von den glattesten Mustern und Adern bis hin zu den ausgepr\u00e4gtesten Linien und Strichen mit gro\u00dfem Realismus.    <\/p>","protected":false},"excerpt":{"rendered":"<p>Neue Serie von Rectified 30&#215;90 wei\u00dfer Scherbenverkleidung Marmor, ein unersetzlicher Klassiker in der Geschichte des Designs und der Innenarchitektur.Aus diesem gro\u00dfen Engagement f\u00fcr die Entwicklung von marmoriertem Feinsteinzeug entstand Maximus.Entwickelt mit den neuesten Technologien, um Maximus zu dem zu machen, was es heute ist: die Haltbarkeit, Zweckm\u00e4\u00dfigkeit und Widerstandsf\u00e4higkeit eines Feinsteinzeugs mit einer klassischen, eleganten [&hellip;]<\/p>\n","protected":false},"featured_media":462102,"comment_status":"closed","ping_status":"closed","template":"","meta":[],"product_brand":[],"product_cat":[457,460,458,459],"product_tag":[],"class_list":{"0":"post-536051","1":"product","2":"type-product","3":"status-publish","4":"has-post-thumbnail","6":"product_cat-badezimmer","7":"product_cat-bodenfliesen","8":"product_cat-kuchen","9":"product_cat-wandfliesen","11":"first","12":"instock","13":"shipping-taxable","14":"purchasable","15":"product-type-simple"},"_links":{"self":[{"href":"https:\/\/tilefly.com\/de\/wp-json\/wp\/v2\/product\/536051","targetHints":{"allow":["GET"]}}],"collection":[{"href":"https:\/\/tilefly.com\/de\/wp-json\/wp\/v2\/product"}],"about":[{"href":"https:\/\/tilefly.com\/de\/wp-json\/wp\/v2\/types\/product"}],"replies":[{"embeddable":true,"href":"https:\/\/tilefly.com\/de\/wp-json\/wp\/v2\/comments?post=536051"}],"wp:featuredmedia":[{"embeddable":true,"href":"https:\/\/tilefly.com\/de\/wp-json\/wp\/v2\/media\/462102"}],"wp:attachment":[{"href":"https:\/\/tilefly.com\/de\/wp-json\/wp\/v2\/media?parent=536051"}],"wp:term":[{"taxonomy":"product_brand","embeddable":true,"href":"https:\/\/tilefly.com\/de\/wp-json\/wp\/v2\/product_brand?post=536051"},{"taxonomy":"product_cat","embeddable":true,"href":"https:\/\/tilefly.com\/de\/wp-json\/wp\/v2\/product_cat?post=536051"},{"taxonomy":"product_tag","embeddable":true,"href":"https:\/\/tilefly.com\/de\/wp-json\/wp\/v2\/product_tag?post=536051"}],"curies":[{"name":"wp","href":"https:\/\/api.w.org\/{rel}","templated":true}]}}