{"id":536030,"date":"2020-10-11T12:57:50","date_gmt":"2020-10-11T10:57:50","guid":{"rendered":"https:\/\/tilefly.com\/producto\/tabit-vt-gold-sat-25x75\/"},"modified":"2024-08-13T16:43:24","modified_gmt":"2024-08-13T14:43:24","slug":"tabit-vt-gold-sat-25x75","status":"publish","type":"product","link":"https:\/\/tilefly.com\/de\/produkt\/tabit-vt-gold-sat-25x75\/","title":{"rendered":"TABIT VT GOLD SAT. 25X75"},"content":{"rendered":"<p>Diese Red Paste Fliese aus der Tabit Vt Serie ist eine wirtschaftliche Fliese, ideal f\u00fcr nicht feuchte Bereiche, mit einer Marmorimitation und einer hochgl\u00e4nzenden Oberfl\u00e4che im Format 25X75 Zentimeter.<\/p>","protected":false},"excerpt":{"rendered":"<p>Diese Red Paste Fliese aus der Tabit Vt Serie ist eine wirtschaftliche Fliese, ideal f\u00fcr nicht feuchte Bereiche, mit einer Marmorimitation und einer hochgl\u00e4nzenden Oberfl\u00e4che im Format 25X75 Zentimeter.<\/p>\n","protected":false},"featured_media":536035,"comment_status":"open","ping_status":"closed","template":"","meta":[],"product_brand":[],"product_cat":[459],"product_tag":[],"class_list":{"0":"post-536030","1":"product","2":"type-product","3":"status-publish","4":"has-post-thumbnail","6":"product_cat-wandfliesen","8":"first","9":"instock","10":"shipping-taxable","11":"purchasable","12":"product-type-simple"},"_links":{"self":[{"href":"https:\/\/tilefly.com\/de\/wp-json\/wp\/v2\/product\/536030","targetHints":{"allow":["GET"]}}],"collection":[{"href":"https:\/\/tilefly.com\/de\/wp-json\/wp\/v2\/product"}],"about":[{"href":"https:\/\/tilefly.com\/de\/wp-json\/wp\/v2\/types\/product"}],"replies":[{"embeddable":true,"href":"https:\/\/tilefly.com\/de\/wp-json\/wp\/v2\/comments?post=536030"}],"wp:featuredmedia":[{"embeddable":true,"href":"https:\/\/tilefly.com\/de\/wp-json\/wp\/v2\/media\/536035"}],"wp:attachment":[{"href":"https:\/\/tilefly.com\/de\/wp-json\/wp\/v2\/media?parent=536030"}],"wp:term":[{"taxonomy":"product_brand","embeddable":true,"href":"https:\/\/tilefly.com\/de\/wp-json\/wp\/v2\/product_brand?post=536030"},{"taxonomy":"product_cat","embeddable":true,"href":"https:\/\/tilefly.com\/de\/wp-json\/wp\/v2\/product_cat?post=536030"},{"taxonomy":"product_tag","embeddable":true,"href":"https:\/\/tilefly.com\/de\/wp-json\/wp\/v2\/product_tag?post=536030"}],"curies":[{"name":"wp","href":"https:\/\/api.w.org\/{rel}","templated":true}]}}