{"id":536022,"date":"2019-09-13T11:20:46","date_gmt":"2024-08-13T14:43:20","guid":{"rendered":"https:\/\/tilefly.com\/producto\/sensation-white-316x316cm-1\/"},"modified":"2024-08-13T16:43:20","modified_gmt":"2024-08-13T14:43:20","slug":"sensation-white-316x316cm-1","status":"publish","type":"product","link":"https:\/\/tilefly.com\/de\/produkt\/sensation-white-316x316cm-1\/","title":{"rendered":"SENSATION WHITE 31,6X31,6CM 1"},"content":{"rendered":"<h1><strong>SENSATION WEISS Rot Paste Fliese 31,6X31,6CM 1<\/strong><\/h1><p>Diese Fliese Red Paste im Format 31,6X31,6 cm, matte Oberfl\u00e4che und wei\u00dfe Farbe ist perfekt f\u00fcr Ihr Zuhause.<br \/>Ihr Herstellungsmaterial ist Red Paste. <\/p><p>Besondere Merkmale:  <\/p>","protected":false},"excerpt":{"rendered":"<p>SENSATION WEISS Rot Paste Fliese 31,6X31,6CM 1Diese Fliese Red Paste im Format 31,6X31,6 cm, matte Oberfl\u00e4che und wei\u00dfe Farbe ist perfekt f\u00fcr Ihr Zuhause.Ihr Herstellungsmaterial ist Red Paste. Besondere Merkmale:<\/p>\n","protected":false},"featured_media":516417,"comment_status":"closed","ping_status":"closed","template":"","meta":[],"product_brand":[],"product_cat":[457,460,458,456,459],"product_tag":[],"class_list":{"0":"post-536022","1":"product","2":"type-product","3":"status-publish","4":"has-post-thumbnail","6":"product_cat-badezimmer","7":"product_cat-bodenfliesen","8":"product_cat-kuchen","9":"product_cat-vohnzimmer","10":"product_cat-wandfliesen","12":"first","13":"outofstock","14":"shipping-taxable","15":"purchasable","16":"product-type-simple"},"_links":{"self":[{"href":"https:\/\/tilefly.com\/de\/wp-json\/wp\/v2\/product\/536022","targetHints":{"allow":["GET"]}}],"collection":[{"href":"https:\/\/tilefly.com\/de\/wp-json\/wp\/v2\/product"}],"about":[{"href":"https:\/\/tilefly.com\/de\/wp-json\/wp\/v2\/types\/product"}],"replies":[{"embeddable":true,"href":"https:\/\/tilefly.com\/de\/wp-json\/wp\/v2\/comments?post=536022"}],"wp:featuredmedia":[{"embeddable":true,"href":"https:\/\/tilefly.com\/de\/wp-json\/wp\/v2\/media\/516417"}],"wp:attachment":[{"href":"https:\/\/tilefly.com\/de\/wp-json\/wp\/v2\/media?parent=536022"}],"wp:term":[{"taxonomy":"product_brand","embeddable":true,"href":"https:\/\/tilefly.com\/de\/wp-json\/wp\/v2\/product_brand?post=536022"},{"taxonomy":"product_cat","embeddable":true,"href":"https:\/\/tilefly.com\/de\/wp-json\/wp\/v2\/product_cat?post=536022"},{"taxonomy":"product_tag","embeddable":true,"href":"https:\/\/tilefly.com\/de\/wp-json\/wp\/v2\/product_tag?post=536022"}],"curies":[{"name":"wp","href":"https:\/\/api.w.org\/{rel}","templated":true}]}}