{"id":536009,"date":"2020-09-08T15:19:22","date_gmt":"2024-08-13T14:42:37","guid":{"rendered":"https:\/\/tilefly.com\/producto\/crema-marfil-pulido-80x80\/"},"modified":"2024-08-13T16:42:37","modified_gmt":"2024-08-13T14:42:37","slug":"crema-marfil-pulido-80x80","status":"publish","type":"product","link":"https:\/\/tilefly.com\/de\/produkt\/crema-marfil-pulido-80x80\/","title":{"rendered":"CREMA MARFIL PULIDO 80X80"},"content":{"rendered":"<p>Poliertes Feinsteinzeug Die Eleganz eines zeitlosen Klassikers, Maximus.<br \/>Tauchen Sie ein in die gro\u00dfe Auswahl an Marmor-Nachbildungen.<br \/>Marmor, ein unersetzlicher Klassiker in der Geschichte des Designs und der Innenarchitektur.<br \/>Seit den Anf\u00e4ngen von American Tile Spain haben wir uns der Entwicklung der Reproduktion dieses edlen Materials verschrieben, bis es zu unserem Markenzeichen und unserer Referenz sowohl auf dem spanischen Markt als auch auf anderen internationalen M\u00e4rkten geworden ist.<br \/>Als Ergebnis dieses gro\u00dfen Engagements f\u00fcr die Entwicklung von marmoriertem Feinsteinzeug wurde Maximus geboren.<br \/>Die umfangreichste Serie von American Tile Spain mit zehn verschiedenen Designs, die mit den neuesten Technologien entwickelt wurden, um Maximus zu dem zu machen, was es heute ist: die Haltbarkeit, Praktikabilit\u00e4t und Widerstandsf\u00e4higkeit eines Feinsteinzeugs; mit einer klassischen, eleganten und zeitlosen stilistischen L\u00f6sung f\u00fcr die Nachbildung von Marmor.<br \/>Mit jedem der 10 verschiedenen Designs ist es m\u00f6glich, R\u00e4ume von gro\u00dfer \u00e4sthetischer Kraft und Charakter zu schaffen.<br \/>Von den sanftesten Mustern und Adern bis hin zu den ausgepr\u00e4gtesten Linien und Strichen mit gro\u00dfem Realismus.<br \/>Diese Kollektion wird durch verschiedene Optionen von gro\u00dfformatigen Fliesen (120X120 und 90X180) erg\u00e4nzt.        <\/p>","protected":false},"excerpt":{"rendered":"<p>Poliertes Feinsteinzeug Die Eleganz eines zeitlosen Klassikers, Maximus.Tauchen Sie ein in die gro\u00dfe Auswahl an Marmor-Nachbildungen.Marmor, ein unersetzlicher Klassiker in der Geschichte des Designs und der Innenarchitektur.Seit den Anf\u00e4ngen von American Tile Spain haben wir uns der Entwicklung der Reproduktion dieses edlen Materials verschrieben, bis es zu unserem Markenzeichen und unserer Referenz sowohl auf dem [&hellip;]<\/p>\n","protected":false},"featured_media":82487,"comment_status":"open","ping_status":"closed","template":"","meta":[],"product_brand":[],"product_cat":[457,458,456,459],"product_tag":[],"class_list":{"0":"post-536009","1":"product","2":"type-product","3":"status-publish","4":"has-post-thumbnail","6":"product_cat-badezimmer","7":"product_cat-kuchen","8":"product_cat-vohnzimmer","9":"product_cat-wandfliesen","11":"first","12":"outofstock","13":"shipping-taxable","14":"purchasable","15":"product-type-simple"},"_links":{"self":[{"href":"https:\/\/tilefly.com\/de\/wp-json\/wp\/v2\/product\/536009","targetHints":{"allow":["GET"]}}],"collection":[{"href":"https:\/\/tilefly.com\/de\/wp-json\/wp\/v2\/product"}],"about":[{"href":"https:\/\/tilefly.com\/de\/wp-json\/wp\/v2\/types\/product"}],"replies":[{"embeddable":true,"href":"https:\/\/tilefly.com\/de\/wp-json\/wp\/v2\/comments?post=536009"}],"wp:featuredmedia":[{"embeddable":true,"href":"https:\/\/tilefly.com\/de\/wp-json\/wp\/v2\/media\/82487"}],"wp:attachment":[{"href":"https:\/\/tilefly.com\/de\/wp-json\/wp\/v2\/media?parent=536009"}],"wp:term":[{"taxonomy":"product_brand","embeddable":true,"href":"https:\/\/tilefly.com\/de\/wp-json\/wp\/v2\/product_brand?post=536009"},{"taxonomy":"product_cat","embeddable":true,"href":"https:\/\/tilefly.com\/de\/wp-json\/wp\/v2\/product_cat?post=536009"},{"taxonomy":"product_tag","embeddable":true,"href":"https:\/\/tilefly.com\/de\/wp-json\/wp\/v2\/product_tag?post=536009"}],"curies":[{"name":"wp","href":"https:\/\/api.w.org\/{rel}","templated":true}]}}