{"id":535925,"date":"2020-10-09T16:05:16","date_gmt":"2020-10-09T14:05:16","guid":{"rendered":"https:\/\/tilefly.com\/producto\/sabik-white-mt-30x150-rect-inout\/"},"modified":"2024-08-13T15:43:17","modified_gmt":"2024-08-13T13:43:17","slug":"sabik-white-mt-30x150-rect-inout","status":"publish","type":"product","link":"https:\/\/tilefly.com\/de\/produkt\/sabik-white-mt-30x150-rect-inout\/","title":{"rendered":"SABIK WHITE MT 30X150 RECT. INOUT"},"content":{"rendered":"<p>Dieses Feinsteinzeug aus der SABIK-Serie zeichnet sich durch sein emailliertes Porzellanmaterial aus, das zu den widerstandsf\u00e4higsten auf dem Markt geh\u00f6rt. Es hat eine Holzimitation mit einer hochgl\u00e4nzenden Oberfl\u00e4che im Format 30X150 RECT.<\/p>","protected":false},"excerpt":{"rendered":"<p>Dieses Feinsteinzeug aus der SABIK-Serie zeichnet sich durch sein emailliertes Porzellanmaterial aus, das zu den widerstandsf\u00e4higsten auf dem Markt geh\u00f6rt. Es hat eine Holzimitation mit einer hochgl\u00e4nzenden Oberfl\u00e4che im Format 30X150 RECT.<\/p>\n","protected":false},"featured_media":535927,"comment_status":"open","ping_status":"closed","template":"","meta":[],"product_brand":[],"product_cat":[460,458,456],"product_tag":[],"class_list":{"0":"post-535925","1":"product","2":"type-product","3":"status-publish","4":"has-post-thumbnail","6":"product_cat-bodenfliesen","7":"product_cat-kuchen","8":"product_cat-vohnzimmer","10":"first","11":"outofstock","12":"shipping-taxable","13":"purchasable","14":"product-type-simple"},"_links":{"self":[{"href":"https:\/\/tilefly.com\/de\/wp-json\/wp\/v2\/product\/535925","targetHints":{"allow":["GET"]}}],"collection":[{"href":"https:\/\/tilefly.com\/de\/wp-json\/wp\/v2\/product"}],"about":[{"href":"https:\/\/tilefly.com\/de\/wp-json\/wp\/v2\/types\/product"}],"replies":[{"embeddable":true,"href":"https:\/\/tilefly.com\/de\/wp-json\/wp\/v2\/comments?post=535925"}],"wp:featuredmedia":[{"embeddable":true,"href":"https:\/\/tilefly.com\/de\/wp-json\/wp\/v2\/media\/535927"}],"wp:attachment":[{"href":"https:\/\/tilefly.com\/de\/wp-json\/wp\/v2\/media?parent=535925"}],"wp:term":[{"taxonomy":"product_brand","embeddable":true,"href":"https:\/\/tilefly.com\/de\/wp-json\/wp\/v2\/product_brand?post=535925"},{"taxonomy":"product_cat","embeddable":true,"href":"https:\/\/tilefly.com\/de\/wp-json\/wp\/v2\/product_cat?post=535925"},{"taxonomy":"product_tag","embeddable":true,"href":"https:\/\/tilefly.com\/de\/wp-json\/wp\/v2\/product_tag?post=535925"}],"curies":[{"name":"wp","href":"https:\/\/api.w.org\/{rel}","templated":true}]}}