{"id":535896,"date":"2020-10-09T14:48:27","date_gmt":"2020-10-09T12:48:27","guid":{"rendered":"https:\/\/tilefly.com\/producto\/kimberley-nogal-mt-30x150-rect-inout\/"},"modified":"2024-08-13T15:43:04","modified_gmt":"2024-08-13T13:43:04","slug":"kimberley-nogal-mt-30x150-rect-inout","status":"publish","type":"product","link":"https:\/\/tilefly.com\/de\/produkt\/kimberley-nogal-mt-30x150-rect-inout\/","title":{"rendered":"KIMBERLEY NOGAL MT 30X150 RECT. INOUT"},"content":{"rendered":"<p>Diese Feinsteinzeugfliese aus der Serie KIMBERLEY zeichnet sich durch ihr emailliertes Porzellan aus, das zu den widerstandsf\u00e4higsten auf dem Markt geh\u00f6rt. Sie hat eine Holzimitation mit einer matten Oberfl\u00e4che im Format 30X150 RECT.<\/p>","protected":false},"excerpt":{"rendered":"<p>Diese Feinsteinzeugfliese aus der Serie KIMBERLEY zeichnet sich durch ihr emailliertes Porzellan aus, das zu den widerstandsf\u00e4higsten auf dem Markt geh\u00f6rt. Sie hat eine Holzimitation mit einer matten Oberfl\u00e4che im Format 30X150 RECT.<\/p>\n","protected":false},"featured_media":535900,"comment_status":"open","ping_status":"closed","template":"","meta":[],"product_brand":[],"product_cat":[460,458,456],"product_tag":[],"class_list":{"0":"post-535896","1":"product","2":"type-product","3":"status-publish","4":"has-post-thumbnail","6":"product_cat-bodenfliesen","7":"product_cat-kuchen","8":"product_cat-vohnzimmer","10":"first","11":"outofstock","12":"shipping-taxable","13":"purchasable","14":"product-type-simple"},"_links":{"self":[{"href":"https:\/\/tilefly.com\/de\/wp-json\/wp\/v2\/product\/535896","targetHints":{"allow":["GET"]}}],"collection":[{"href":"https:\/\/tilefly.com\/de\/wp-json\/wp\/v2\/product"}],"about":[{"href":"https:\/\/tilefly.com\/de\/wp-json\/wp\/v2\/types\/product"}],"replies":[{"embeddable":true,"href":"https:\/\/tilefly.com\/de\/wp-json\/wp\/v2\/comments?post=535896"}],"wp:featuredmedia":[{"embeddable":true,"href":"https:\/\/tilefly.com\/de\/wp-json\/wp\/v2\/media\/535900"}],"wp:attachment":[{"href":"https:\/\/tilefly.com\/de\/wp-json\/wp\/v2\/media?parent=535896"}],"wp:term":[{"taxonomy":"product_brand","embeddable":true,"href":"https:\/\/tilefly.com\/de\/wp-json\/wp\/v2\/product_brand?post=535896"},{"taxonomy":"product_cat","embeddable":true,"href":"https:\/\/tilefly.com\/de\/wp-json\/wp\/v2\/product_cat?post=535896"},{"taxonomy":"product_tag","embeddable":true,"href":"https:\/\/tilefly.com\/de\/wp-json\/wp\/v2\/product_tag?post=535896"}],"curies":[{"name":"wp","href":"https:\/\/api.w.org\/{rel}","templated":true}]}}