{"id":535711,"date":"2020-10-09T15:55:54","date_gmt":"2020-10-09T13:55:54","guid":{"rendered":"https:\/\/tilefly.com\/producto\/pulse-antique-graphite-mt-45x45-inout\/"},"modified":"2024-08-13T15:41:30","modified_gmt":"2024-08-13T13:41:30","slug":"pulse-antique-graphite-mt-45x45-inout","status":"publish","type":"product","link":"https:\/\/tilefly.com\/de\/produkt\/pulse-antique-graphite-mt-45x45-inout\/","title":{"rendered":"PULSE ANTIQUE GRAPHITE MT 45X45 INOUT"},"content":{"rendered":"<p>Diese Feinsteinzeugfliese aus der Serie PULSE ANTIQUE zeichnet sich durch ihr glasiertes Porzellanmaterial aus, das zu den widerstandsf\u00e4higsten auf dem Markt geh\u00f6rt. Sie hat eine Steinsteinzeugstruktur mit matter Oberfl\u00e4che im Format 45X45.<\/p>","protected":false},"excerpt":{"rendered":"<p>Diese Feinsteinzeugfliese aus der Serie PULSE ANTIQUE zeichnet sich durch ihr glasiertes Porzellanmaterial aus, das zu den widerstandsf\u00e4higsten auf dem Markt geh\u00f6rt. Sie hat eine Steinsteinzeugstruktur mit matter Oberfl\u00e4che im Format 45X45.<\/p>\n","protected":false},"featured_media":535713,"comment_status":"open","ping_status":"closed","template":"","meta":[],"product_brand":[],"product_cat":[460,458,456],"product_tag":[],"class_list":{"0":"post-535711","1":"product","2":"type-product","3":"status-publish","4":"has-post-thumbnail","6":"product_cat-bodenfliesen","7":"product_cat-kuchen","8":"product_cat-vohnzimmer","10":"first","11":"instock","12":"shipping-taxable","13":"purchasable","14":"product-type-simple"},"_links":{"self":[{"href":"https:\/\/tilefly.com\/de\/wp-json\/wp\/v2\/product\/535711","targetHints":{"allow":["GET"]}}],"collection":[{"href":"https:\/\/tilefly.com\/de\/wp-json\/wp\/v2\/product"}],"about":[{"href":"https:\/\/tilefly.com\/de\/wp-json\/wp\/v2\/types\/product"}],"replies":[{"embeddable":true,"href":"https:\/\/tilefly.com\/de\/wp-json\/wp\/v2\/comments?post=535711"}],"wp:featuredmedia":[{"embeddable":true,"href":"https:\/\/tilefly.com\/de\/wp-json\/wp\/v2\/media\/535713"}],"wp:attachment":[{"href":"https:\/\/tilefly.com\/de\/wp-json\/wp\/v2\/media?parent=535711"}],"wp:term":[{"taxonomy":"product_brand","embeddable":true,"href":"https:\/\/tilefly.com\/de\/wp-json\/wp\/v2\/product_brand?post=535711"},{"taxonomy":"product_cat","embeddable":true,"href":"https:\/\/tilefly.com\/de\/wp-json\/wp\/v2\/product_cat?post=535711"},{"taxonomy":"product_tag","embeddable":true,"href":"https:\/\/tilefly.com\/de\/wp-json\/wp\/v2\/product_tag?post=535711"}],"curies":[{"name":"wp","href":"https:\/\/api.w.org\/{rel}","templated":true}]}}