{"id":535665,"date":"2020-09-28T14:36:26","date_gmt":"2020-09-28T12:36:26","guid":{"rendered":"https:\/\/tilefly.com\/producto\/amstel-antracita-mt-30x60-inout\/"},"modified":"2024-08-13T15:41:02","modified_gmt":"2024-08-13T13:41:02","slug":"amstel-antracita-mt-30x60-inout","status":"publish","type":"product","link":"https:\/\/tilefly.com\/de\/produkt\/amstel-antracita-mt-30x60-inout\/","title":{"rendered":"AMSTEL ANTRACITA MT 30X60 INOUT"},"content":{"rendered":"<p>Diese Feinsteinzeugfliese der Serie AMSTEL zeichnet sich durch ihr emailliertes Porzellan aus, das zu den widerstandsf\u00e4higsten auf dem Markt geh\u00f6rt. Sie hat eine Zementimitation mit einer matten Oberfl\u00e4che im Format 30X60.<\/p>","protected":false},"excerpt":{"rendered":"<p>Diese Feinsteinzeugfliese der Serie AMSTEL zeichnet sich durch ihr emailliertes Porzellan aus, das zu den widerstandsf\u00e4higsten auf dem Markt geh\u00f6rt. Sie hat eine Zementimitation mit einer matten Oberfl\u00e4che im Format 30X60.<\/p>\n","protected":false},"featured_media":535667,"comment_status":"open","ping_status":"closed","template":"","meta":[],"product_brand":[],"product_cat":[457,460,458,456,459],"product_tag":[],"class_list":{"0":"post-535665","1":"product","2":"type-product","3":"status-publish","4":"has-post-thumbnail","6":"product_cat-badezimmer","7":"product_cat-bodenfliesen","8":"product_cat-kuchen","9":"product_cat-vohnzimmer","10":"product_cat-wandfliesen","12":"first","13":"instock","14":"shipping-taxable","15":"purchasable","16":"product-type-simple"},"_links":{"self":[{"href":"https:\/\/tilefly.com\/de\/wp-json\/wp\/v2\/product\/535665","targetHints":{"allow":["GET"]}}],"collection":[{"href":"https:\/\/tilefly.com\/de\/wp-json\/wp\/v2\/product"}],"about":[{"href":"https:\/\/tilefly.com\/de\/wp-json\/wp\/v2\/types\/product"}],"replies":[{"embeddable":true,"href":"https:\/\/tilefly.com\/de\/wp-json\/wp\/v2\/comments?post=535665"}],"wp:featuredmedia":[{"embeddable":true,"href":"https:\/\/tilefly.com\/de\/wp-json\/wp\/v2\/media\/535667"}],"wp:attachment":[{"href":"https:\/\/tilefly.com\/de\/wp-json\/wp\/v2\/media?parent=535665"}],"wp:term":[{"taxonomy":"product_brand","embeddable":true,"href":"https:\/\/tilefly.com\/de\/wp-json\/wp\/v2\/product_brand?post=535665"},{"taxonomy":"product_cat","embeddable":true,"href":"https:\/\/tilefly.com\/de\/wp-json\/wp\/v2\/product_cat?post=535665"},{"taxonomy":"product_tag","embeddable":true,"href":"https:\/\/tilefly.com\/de\/wp-json\/wp\/v2\/product_tag?post=535665"}],"curies":[{"name":"wp","href":"https:\/\/api.w.org\/{rel}","templated":true}]}}