{"id":535626,"date":"2024-06-05T20:28:02","date_gmt":"2024-06-05T18:28:02","guid":{"rendered":"https:\/\/tilefly.com\/producto\/crassana-grey-mt-45x45-inout\/"},"modified":"2024-08-13T15:40:40","modified_gmt":"2024-08-13T13:40:40","slug":"crassana-grey-mt-45x45-inout","status":"publish","type":"product","link":"https:\/\/tilefly.com\/de\/produkt\/crassana-grey-mt-45x45-inout\/","title":{"rendered":"CRASSANA GREY MT 45X45 INOUT"},"content":{"rendered":"<h1><strong>Glasiertes Feinsteinzeug Bodenfliese INOUT CRASSANA GREY MT 45X45 1A STN<\/strong><\/h1><p>Diese Fliese aus der Serie Crassana im Format 45&#215;45 ist eine glasierte Feinsteinzeug-Fliese in der Farbe Grau in matter Ausf\u00fchrung f\u00fcr den Innen- und Au\u00dfenbereich.<\/p>","protected":false},"excerpt":{"rendered":"<p>Glasiertes Feinsteinzeug Bodenfliese INOUT CRASSANA GREY MT 45X45 1A STNDiese Fliese aus der Serie Crassana im Format 45&#215;45 ist eine glasierte Feinsteinzeug-Fliese in der Farbe Grau in matter Ausf\u00fchrung f\u00fcr den Innen- und Au\u00dfenbereich.<\/p>\n","protected":false},"featured_media":528540,"comment_status":"open","ping_status":"closed","template":"","meta":[],"product_brand":[],"product_cat":[457,458,456,459],"product_tag":[],"class_list":{"0":"post-535626","1":"product","2":"type-product","3":"status-publish","4":"has-post-thumbnail","6":"product_cat-badezimmer","7":"product_cat-kuchen","8":"product_cat-vohnzimmer","9":"product_cat-wandfliesen","11":"first","12":"instock","13":"shipping-taxable","14":"purchasable","15":"product-type-simple"},"_links":{"self":[{"href":"https:\/\/tilefly.com\/de\/wp-json\/wp\/v2\/product\/535626","targetHints":{"allow":["GET"]}}],"collection":[{"href":"https:\/\/tilefly.com\/de\/wp-json\/wp\/v2\/product"}],"about":[{"href":"https:\/\/tilefly.com\/de\/wp-json\/wp\/v2\/types\/product"}],"replies":[{"embeddable":true,"href":"https:\/\/tilefly.com\/de\/wp-json\/wp\/v2\/comments?post=535626"}],"wp:featuredmedia":[{"embeddable":true,"href":"https:\/\/tilefly.com\/de\/wp-json\/wp\/v2\/media\/528540"}],"wp:attachment":[{"href":"https:\/\/tilefly.com\/de\/wp-json\/wp\/v2\/media?parent=535626"}],"wp:term":[{"taxonomy":"product_brand","embeddable":true,"href":"https:\/\/tilefly.com\/de\/wp-json\/wp\/v2\/product_brand?post=535626"},{"taxonomy":"product_cat","embeddable":true,"href":"https:\/\/tilefly.com\/de\/wp-json\/wp\/v2\/product_cat?post=535626"},{"taxonomy":"product_tag","embeddable":true,"href":"https:\/\/tilefly.com\/de\/wp-json\/wp\/v2\/product_tag?post=535626"}],"curies":[{"name":"wp","href":"https:\/\/api.w.org\/{rel}","templated":true}]}}