{"id":535614,"date":"2024-05-03T14:21:09","date_gmt":"2024-08-13T13:40:33","guid":{"rendered":"https:\/\/tilefly.com\/producto\/tosca-antique-cotto-mt-45x45-inout-2\/"},"modified":"2024-08-13T15:40:33","modified_gmt":"2024-08-13T13:40:33","slug":"tosca-antique-cotto-mt-45x45-inout-2","status":"publish","type":"product","link":"https:\/\/tilefly.com\/de\/produkt\/tosca-antique-cotto-mt-45x45-inout-2\/","title":{"rendered":"TOSCA ANTIQUE COTTO MT 45X45 INOUT"},"content":{"rendered":"<div class=\"woocommerce-tabs wc-tabs-wrapper\"><div id=\"tab-description\" class=\"woocommerce-Tabs-panel woocommerce-Tabs-panel--description panel entry-content wc-tab\" role=\"tabpanel\" aria-labelledby=\"tab-title-description\">  Diese Feinsteinzeugfliese aus der Serie TOSCA ANTIQUE zeichnet sich durch ihr emailliertes Porzellan aus, das zu den widerstandsf\u00e4higsten auf dem Markt geh\u00f6rt. Sie hat eine rustikale Zementimitation mit einer matten INOUT-Oberfl\u00e4che im Format 45X45.  <\/div><\/div>","protected":false},"excerpt":{"rendered":"<p>Diese Feinsteinzeugfliese aus der Serie TOSCA ANTIQUE zeichnet sich durch ihr emailliertes Porzellan aus, das zu den widerstandsf\u00e4higsten auf dem Markt geh\u00f6rt. Sie hat eine rustikale Zementimitation mit einer matten INOUT-Oberfl\u00e4che im Format 45X45.<\/p>\n","protected":false},"featured_media":520145,"comment_status":"closed","ping_status":"closed","template":"","meta":[],"product_brand":[],"product_cat":[457,460,458,456,459],"product_tag":[],"class_list":{"0":"post-535614","1":"product","2":"type-product","3":"status-publish","4":"has-post-thumbnail","6":"product_cat-badezimmer","7":"product_cat-bodenfliesen","8":"product_cat-kuchen","9":"product_cat-vohnzimmer","10":"product_cat-wandfliesen","12":"first","13":"instock","14":"shipping-taxable","15":"purchasable","16":"product-type-simple"},"_links":{"self":[{"href":"https:\/\/tilefly.com\/de\/wp-json\/wp\/v2\/product\/535614","targetHints":{"allow":["GET"]}}],"collection":[{"href":"https:\/\/tilefly.com\/de\/wp-json\/wp\/v2\/product"}],"about":[{"href":"https:\/\/tilefly.com\/de\/wp-json\/wp\/v2\/types\/product"}],"replies":[{"embeddable":true,"href":"https:\/\/tilefly.com\/de\/wp-json\/wp\/v2\/comments?post=535614"}],"wp:featuredmedia":[{"embeddable":true,"href":"https:\/\/tilefly.com\/de\/wp-json\/wp\/v2\/media\/520145"}],"wp:attachment":[{"href":"https:\/\/tilefly.com\/de\/wp-json\/wp\/v2\/media?parent=535614"}],"wp:term":[{"taxonomy":"product_brand","embeddable":true,"href":"https:\/\/tilefly.com\/de\/wp-json\/wp\/v2\/product_brand?post=535614"},{"taxonomy":"product_cat","embeddable":true,"href":"https:\/\/tilefly.com\/de\/wp-json\/wp\/v2\/product_cat?post=535614"},{"taxonomy":"product_tag","embeddable":true,"href":"https:\/\/tilefly.com\/de\/wp-json\/wp\/v2\/product_tag?post=535614"}],"curies":[{"name":"wp","href":"https:\/\/api.w.org\/{rel}","templated":true}]}}