{"id":535613,"date":"2024-06-05T19:50:30","date_gmt":"2024-06-05T17:50:30","guid":{"rendered":"https:\/\/tilefly.com\/producto\/olson-brown-mt-15x90-inout\/"},"modified":"2024-08-13T15:40:31","modified_gmt":"2024-08-13T13:40:31","slug":"olson-brown-mt-15x90-inout","status":"publish","type":"product","link":"https:\/\/tilefly.com\/de\/produkt\/olson-brown-mt-15x90-inout\/","title":{"rendered":"OLSON BROWN MT 15X90 INOUT"},"content":{"rendered":"<h1><strong>Olson Brown Glasiertes Feinsteinzeug MT 15X90 1A STN<\/strong><\/h1><p>Diese Fliese aus der Serie Olson im Format 15X90 ist eine braune glasierte Feinsteinzeugfliese in matter Ausf\u00fchrung.<br \/>Mit einer Anti-Rutsch-Ebene INOUT ist diese Fliese ideal f\u00fcr den Innen- und Au\u00dfenbereich geeignet.<br \/>Jeder Karton enth\u00e4lt 9 St\u00fcck und insgesamt 48 Kartons.  <\/p>","protected":false},"excerpt":{"rendered":"<p>Olson Brown Glasiertes Feinsteinzeug MT 15X90 1A STNDiese Fliese aus der Serie Olson im Format 15X90 ist eine braune glasierte Feinsteinzeugfliese in matter Ausf\u00fchrung.Mit einer Anti-Rutsch-Ebene INOUT ist diese Fliese ideal f\u00fcr den Innen- und Au\u00dfenbereich geeignet.Jeder Karton enth\u00e4lt 9 St\u00fcck und insgesamt 48 Kartons.<\/p>\n","protected":false},"featured_media":528447,"comment_status":"open","ping_status":"closed","template":"","meta":[],"product_brand":[],"product_cat":[457,458,456,459],"product_tag":[],"class_list":{"0":"post-535613","1":"product","2":"type-product","3":"status-publish","4":"has-post-thumbnail","6":"product_cat-badezimmer","7":"product_cat-kuchen","8":"product_cat-vohnzimmer","9":"product_cat-wandfliesen","11":"first","12":"outofstock","13":"shipping-taxable","14":"purchasable","15":"product-type-simple"},"_links":{"self":[{"href":"https:\/\/tilefly.com\/de\/wp-json\/wp\/v2\/product\/535613","targetHints":{"allow":["GET"]}}],"collection":[{"href":"https:\/\/tilefly.com\/de\/wp-json\/wp\/v2\/product"}],"about":[{"href":"https:\/\/tilefly.com\/de\/wp-json\/wp\/v2\/types\/product"}],"replies":[{"embeddable":true,"href":"https:\/\/tilefly.com\/de\/wp-json\/wp\/v2\/comments?post=535613"}],"wp:featuredmedia":[{"embeddable":true,"href":"https:\/\/tilefly.com\/de\/wp-json\/wp\/v2\/media\/528447"}],"wp:attachment":[{"href":"https:\/\/tilefly.com\/de\/wp-json\/wp\/v2\/media?parent=535613"}],"wp:term":[{"taxonomy":"product_brand","embeddable":true,"href":"https:\/\/tilefly.com\/de\/wp-json\/wp\/v2\/product_brand?post=535613"},{"taxonomy":"product_cat","embeddable":true,"href":"https:\/\/tilefly.com\/de\/wp-json\/wp\/v2\/product_cat?post=535613"},{"taxonomy":"product_tag","embeddable":true,"href":"https:\/\/tilefly.com\/de\/wp-json\/wp\/v2\/product_tag?post=535613"}],"curies":[{"name":"wp","href":"https:\/\/api.w.org\/{rel}","templated":true}]}}