{"id":535610,"date":"2024-01-20T15:29:26","date_gmt":"2024-01-20T14:29:26","guid":{"rendered":"https:\/\/tilefly.com\/producto\/caliope-natural-mt-30x60-inout\/"},"modified":"2024-08-13T15:40:29","modified_gmt":"2024-08-13T13:40:29","slug":"caliope-natural-mt-30x60-inout","status":"publish","type":"product","link":"https:\/\/tilefly.com\/de\/produkt\/caliope-natural-mt-30x60-inout\/","title":{"rendered":"CALIOPE NATURAL MT 30X60 INOUT"},"content":{"rendered":"<h1><strong>Glasiertes Feinsteinzeug CALIOPE NATURAL MT 30X60 INOUT<\/strong><\/h1><p>Diese Fliese aus der Serie CALIOPE im Format 30X60 ist eine glasierte Feinsteinzeugfliese in der Farbe Beige mit einer matten Oberfl\u00e4che.<\/p><p>+&#8217;<\/p><p>Diese Fliese verf\u00fcgt \u00fcber die INOUT-Technologie, eine Materialeigenschaft, die sie weich im Griff und rutschfest zwischen C2-C3 und R10-R11 macht, ideal f\u00fcr die Verlegung innerhalb und au\u00dferhalb des Hauses.<\/p><p>n&#8217;<\/p><h2>CALIOPE NAT\u00dcRLICH MT 30X60 INOUT<\/h2><p>Die Fliese Caliope Natural MT 30&#215;60 cm INOUT ist der Inbegriff von organischer, minimalistischer Sch\u00f6nheit.<br \/>Mit ihrer matten Oberfl\u00e4che und nat\u00fcrlichen Farbe bietet diese Fliese eine neutrale und vielseitige Grundlage f\u00fcr jede Innen- oder Au\u00dfengestaltung.<br \/>Ihre Festigkeit und die rutschhemmende C3\/R10-Oberfl\u00e4che machen sie zu einer ausgezeichneten Wahl f\u00fcr R\u00e4ume, in denen sowohl Haltbarkeit als auch Stil gefragt sind, w\u00e4hrend sie gleichzeitig ein attraktives und praktisches Aussehen behalten.  <\/p>","protected":false},"excerpt":{"rendered":"<p>Glasiertes Feinsteinzeug CALIOPE NATURAL MT 30X60 INOUTDiese Fliese aus der Serie CALIOPE im Format 30X60 ist eine glasierte Feinsteinzeugfliese in der Farbe Beige mit einer matten Oberfl\u00e4che.+&#8217;Diese Fliese verf\u00fcgt \u00fcber die INOUT-Technologie, eine Materialeigenschaft, die sie weich im Griff und rutschfest zwischen C2-C3 und R10-R11 macht, ideal f\u00fcr die Verlegung innerhalb und au\u00dferhalb des Hauses.n&#8217;CALIOPE [&hellip;]<\/p>\n","protected":false},"featured_media":525851,"comment_status":"open","ping_status":"closed","template":"","meta":[],"product_brand":[],"product_cat":[457,458,456,459],"product_tag":[],"class_list":{"0":"post-535610","1":"product","2":"type-product","3":"status-publish","4":"has-post-thumbnail","6":"product_cat-badezimmer","7":"product_cat-kuchen","8":"product_cat-vohnzimmer","9":"product_cat-wandfliesen","11":"first","12":"outofstock","13":"shipping-taxable","14":"purchasable","15":"product-type-simple"},"_links":{"self":[{"href":"https:\/\/tilefly.com\/de\/wp-json\/wp\/v2\/product\/535610","targetHints":{"allow":["GET"]}}],"collection":[{"href":"https:\/\/tilefly.com\/de\/wp-json\/wp\/v2\/product"}],"about":[{"href":"https:\/\/tilefly.com\/de\/wp-json\/wp\/v2\/types\/product"}],"replies":[{"embeddable":true,"href":"https:\/\/tilefly.com\/de\/wp-json\/wp\/v2\/comments?post=535610"}],"wp:featuredmedia":[{"embeddable":true,"href":"https:\/\/tilefly.com\/de\/wp-json\/wp\/v2\/media\/525851"}],"wp:attachment":[{"href":"https:\/\/tilefly.com\/de\/wp-json\/wp\/v2\/media?parent=535610"}],"wp:term":[{"taxonomy":"product_brand","embeddable":true,"href":"https:\/\/tilefly.com\/de\/wp-json\/wp\/v2\/product_brand?post=535610"},{"taxonomy":"product_cat","embeddable":true,"href":"https:\/\/tilefly.com\/de\/wp-json\/wp\/v2\/product_cat?post=535610"},{"taxonomy":"product_tag","embeddable":true,"href":"https:\/\/tilefly.com\/de\/wp-json\/wp\/v2\/product_tag?post=535610"}],"curies":[{"name":"wp","href":"https:\/\/api.w.org\/{rel}","templated":true}]}}