{"id":535589,"date":"2021-04-12T12:52:16","date_gmt":"2021-04-12T10:52:16","guid":{"rendered":"https:\/\/tilefly.com\/producto\/duomo-blanco-mt-333x90-rect\/"},"modified":"2025-04-19T10:29:10","modified_gmt":"2025-04-19T08:29:10","slug":"duomo-blanco-mt-333x90-rect","status":"publish","type":"product","link":"https:\/\/tilefly.com\/de\/produkt\/duomo-blanco-mt-333x90-rect\/","title":{"rendered":"DUOMO BLANCO MT 33,3X90 RECT."},"content":{"rendered":"<h1><strong>DUOMO WHITE Paste Fliese WHITE MT 33,3X90 RECT.<\/strong><\/h1><p>Diese Fliese Pasta Blanca im Format cm, matte Oberfl\u00e4che, Farbe Natur und Wei\u00df ist perfekt f\u00fcr Ihr Zuhause.<br \/>Ihr Herstellungsmaterial ist White Paste. <\/p><p>Besondere Merkmale: Marmorimitation<\/p>","protected":false},"excerpt":{"rendered":"<p>DUOMO WHITE Paste Fliese WHITE MT 33,3X90 RECT.Diese Fliese Pasta Blanca im Format cm, matte Oberfl\u00e4che, Farbe Natur und Wei\u00df ist perfekt f\u00fcr Ihr Zuhause.Ihr Herstellungsmaterial ist White Paste. Besondere Merkmale: Marmorimitation<\/p>\n","protected":false},"featured_media":535591,"comment_status":"closed","ping_status":"closed","template":"","meta":[],"product_brand":[],"product_cat":[459,457,460,458],"product_tag":[],"class_list":{"0":"post-535589","1":"product","2":"type-product","3":"status-publish","4":"has-post-thumbnail","6":"product_cat-wandfliesen","7":"product_cat-badezimmer","8":"product_cat-bodenfliesen","9":"product_cat-kuchen","11":"first","12":"instock","13":"shipping-taxable","14":"purchasable","15":"product-type-simple"},"_links":{"self":[{"href":"https:\/\/tilefly.com\/de\/wp-json\/wp\/v2\/product\/535589","targetHints":{"allow":["GET"]}}],"collection":[{"href":"https:\/\/tilefly.com\/de\/wp-json\/wp\/v2\/product"}],"about":[{"href":"https:\/\/tilefly.com\/de\/wp-json\/wp\/v2\/types\/product"}],"replies":[{"embeddable":true,"href":"https:\/\/tilefly.com\/de\/wp-json\/wp\/v2\/comments?post=535589"}],"wp:featuredmedia":[{"embeddable":true,"href":"https:\/\/tilefly.com\/de\/wp-json\/wp\/v2\/media\/535591"}],"wp:attachment":[{"href":"https:\/\/tilefly.com\/de\/wp-json\/wp\/v2\/media?parent=535589"}],"wp:term":[{"taxonomy":"product_brand","embeddable":true,"href":"https:\/\/tilefly.com\/de\/wp-json\/wp\/v2\/product_brand?post=535589"},{"taxonomy":"product_cat","embeddable":true,"href":"https:\/\/tilefly.com\/de\/wp-json\/wp\/v2\/product_cat?post=535589"},{"taxonomy":"product_tag","embeddable":true,"href":"https:\/\/tilefly.com\/de\/wp-json\/wp\/v2\/product_tag?post=535589"}],"curies":[{"name":"wp","href":"https:\/\/api.w.org\/{rel}","templated":true}]}}