{"id":535585,"date":"2024-01-20T15:29:01","date_gmt":"2024-01-20T14:29:01","guid":{"rendered":"https:\/\/tilefly.com\/producto\/caliope-beige-mt-30x60-inout\/"},"modified":"2024-08-13T15:40:12","modified_gmt":"2024-08-13T13:40:12","slug":"caliope-beige-mt-30x60-inout","status":"publish","type":"product","link":"https:\/\/tilefly.com\/de\/produkt\/caliope-beige-mt-30x60-inout\/","title":{"rendered":"CALIOPE BEIGE MT 30X60 INOUT"},"content":{"rendered":"<h1><strong>Glasiertes Feinsteinzeug CALIOPE BEIGE MT 30X60 INOUT<\/strong><\/h1><p>Diese Fliese aus der Serie CALIOPE im Format 30X60 ist eine glasierte Feinsteinzeugfliese in der Farbe Beige mit einer matten Oberfl\u00e4che.<\/p><p>+&#8217;<\/p><p>Diese Fliese verf\u00fcgt \u00fcber die INOUT-Technologie, eine Materialeigenschaft, die sie weich im Griff und rutschfest zwischen C2-C3 und R10-R11 macht, ideal f\u00fcr die Verlegung innerhalb und au\u00dferhalb des Hauses.<\/p><p>n&#8217;<\/p><h2>CALIOPE BEIGE MT 30X60 INOUT<\/h2><p>Die Fliese Caliope Beige MT im Format 30&#215;60 cm INOUT kombiniert eine nat\u00fcrliche und warme \u00c4sthetik mit fortschrittlicher Funktionalit\u00e4t.<br \/>Ihre matte Oberfl\u00e4che und der sanfte Beigeton verleihen jedem Raum ein Gef\u00fchl von Ruhe und Eleganz.<br \/>Diese Fliese, die sowohl f\u00fcr den Innen- als auch f\u00fcr den Au\u00dfenbereich geeignet ist, hat eine rutschhemmende C3\/R10-Oberfl\u00e4che, die Sicherheit und Haltbarkeit unter allen Bedingungen garantiert.  <\/p>","protected":false},"excerpt":{"rendered":"<p>Glasiertes Feinsteinzeug CALIOPE BEIGE MT 30X60 INOUTDiese Fliese aus der Serie CALIOPE im Format 30X60 ist eine glasierte Feinsteinzeugfliese in der Farbe Beige mit einer matten Oberfl\u00e4che.+&#8217;Diese Fliese verf\u00fcgt \u00fcber die INOUT-Technologie, eine Materialeigenschaft, die sie weich im Griff und rutschfest zwischen C2-C3 und R10-R11 macht, ideal f\u00fcr die Verlegung innerhalb und au\u00dferhalb des Hauses.n&#8217;CALIOPE [&hellip;]<\/p>\n","protected":false},"featured_media":525812,"comment_status":"open","ping_status":"closed","template":"","meta":[],"product_brand":[],"product_cat":[457,458,456,459],"product_tag":[],"class_list":{"0":"post-535585","1":"product","2":"type-product","3":"status-publish","4":"has-post-thumbnail","6":"product_cat-badezimmer","7":"product_cat-kuchen","8":"product_cat-vohnzimmer","9":"product_cat-wandfliesen","11":"first","12":"outofstock","13":"shipping-taxable","14":"purchasable","15":"product-type-simple"},"_links":{"self":[{"href":"https:\/\/tilefly.com\/de\/wp-json\/wp\/v2\/product\/535585","targetHints":{"allow":["GET"]}}],"collection":[{"href":"https:\/\/tilefly.com\/de\/wp-json\/wp\/v2\/product"}],"about":[{"href":"https:\/\/tilefly.com\/de\/wp-json\/wp\/v2\/types\/product"}],"replies":[{"embeddable":true,"href":"https:\/\/tilefly.com\/de\/wp-json\/wp\/v2\/comments?post=535585"}],"wp:featuredmedia":[{"embeddable":true,"href":"https:\/\/tilefly.com\/de\/wp-json\/wp\/v2\/media\/525812"}],"wp:attachment":[{"href":"https:\/\/tilefly.com\/de\/wp-json\/wp\/v2\/media?parent=535585"}],"wp:term":[{"taxonomy":"product_brand","embeddable":true,"href":"https:\/\/tilefly.com\/de\/wp-json\/wp\/v2\/product_brand?post=535585"},{"taxonomy":"product_cat","embeddable":true,"href":"https:\/\/tilefly.com\/de\/wp-json\/wp\/v2\/product_cat?post=535585"},{"taxonomy":"product_tag","embeddable":true,"href":"https:\/\/tilefly.com\/de\/wp-json\/wp\/v2\/product_tag?post=535585"}],"curies":[{"name":"wp","href":"https:\/\/api.w.org\/{rel}","templated":true}]}}