{"id":535571,"date":"2023-04-14T10:33:56","date_gmt":"2023-04-14T08:33:56","guid":{"rendered":"https:\/\/tilefly.com\/producto\/talent-cemento-mt-45x45-inout\/"},"modified":"2024-08-13T15:39:58","modified_gmt":"2024-08-13T13:39:58","slug":"talent-cemento-mt-45x45-inout","status":"publish","type":"product","link":"https:\/\/tilefly.com\/de\/produkt\/talent-cemento-mt-45x45-inout\/","title":{"rendered":"TALENT CEMENTO MT 45X45 INOUT"},"content":{"rendered":"<div class=\"woocommerce-tabs wc-tabs-wrapper\"><div id=\"tab-description\" class=\"woocommerce-Tabs-panel woocommerce-Tabs-panel--description panel entry-content wc-tab\" role=\"tabpanel\" aria-labelledby=\"tab-title-description\">  Dieses Feinsteinzeug aus der Serie TALENT zeichnet sich durch sein glasiertes Porzellan aus, das zu den widerstandsf\u00e4higsten auf dem Markt geh\u00f6rt, hat eine Zementimitation mit einer matten Oberfl\u00e4che im Format 45X45. Diese Fliese verf\u00fcgt \u00fcber die INOUT-Technologie, eine Eigenschaft des Materials, die f\u00fcr einen weichen Griff sorgt, und ist somit rutschfest zwischen C2-C3 und R10-R11, ideal f\u00fcr die Verlegung innerhalb und au\u00dferhalb des Hauses.  <\/div><\/div>","protected":false},"excerpt":{"rendered":"<p>Dieses Feinsteinzeug aus der Serie TALENT zeichnet sich durch sein glasiertes Porzellan aus, das zu den widerstandsf\u00e4higsten auf dem Markt geh\u00f6rt, hat eine Zementimitation mit einer matten Oberfl\u00e4che im Format 45X45. Diese Fliese verf\u00fcgt \u00fcber die INOUT-Technologie, eine Eigenschaft des Materials, die f\u00fcr einen weichen Griff sorgt, und ist somit rutschfest zwischen C2-C3 und R10-R11, [&hellip;]<\/p>\n","protected":false},"featured_media":523445,"comment_status":"closed","ping_status":"closed","template":"","meta":[],"product_brand":[],"product_cat":[457,460,458,456],"product_tag":[],"class_list":{"0":"post-535571","1":"product","2":"type-product","3":"status-publish","4":"has-post-thumbnail","6":"product_cat-badezimmer","7":"product_cat-bodenfliesen","8":"product_cat-kuchen","9":"product_cat-vohnzimmer","11":"first","12":"instock","13":"shipping-taxable","14":"purchasable","15":"product-type-simple"},"_links":{"self":[{"href":"https:\/\/tilefly.com\/de\/wp-json\/wp\/v2\/product\/535571","targetHints":{"allow":["GET"]}}],"collection":[{"href":"https:\/\/tilefly.com\/de\/wp-json\/wp\/v2\/product"}],"about":[{"href":"https:\/\/tilefly.com\/de\/wp-json\/wp\/v2\/types\/product"}],"replies":[{"embeddable":true,"href":"https:\/\/tilefly.com\/de\/wp-json\/wp\/v2\/comments?post=535571"}],"wp:featuredmedia":[{"embeddable":true,"href":"https:\/\/tilefly.com\/de\/wp-json\/wp\/v2\/media\/523445"}],"wp:attachment":[{"href":"https:\/\/tilefly.com\/de\/wp-json\/wp\/v2\/media?parent=535571"}],"wp:term":[{"taxonomy":"product_brand","embeddable":true,"href":"https:\/\/tilefly.com\/de\/wp-json\/wp\/v2\/product_brand?post=535571"},{"taxonomy":"product_cat","embeddable":true,"href":"https:\/\/tilefly.com\/de\/wp-json\/wp\/v2\/product_cat?post=535571"},{"taxonomy":"product_tag","embeddable":true,"href":"https:\/\/tilefly.com\/de\/wp-json\/wp\/v2\/product_tag?post=535571"}],"curies":[{"name":"wp","href":"https:\/\/api.w.org\/{rel}","templated":true}]}}