{"id":535516,"date":"2023-02-03T14:15:50","date_gmt":"2023-02-03T13:15:50","guid":{"rendered":"https:\/\/tilefly.com\/producto\/elementi-graphite-mt-30x60-inout\/"},"modified":"2024-08-13T15:38:48","modified_gmt":"2024-08-13T13:38:48","slug":"elementi-graphite-mt-30x60-inout","status":"publish","type":"product","link":"https:\/\/tilefly.com\/de\/produkt\/elementi-graphite-mt-30x60-inout\/","title":{"rendered":"ELEMENTI GRAPHITE MT 30X60 INOUT"},"content":{"rendered":"<h1><strong>Elementi Graphit Matt Glasiertes Feinsteinzeug Mt 30X60 Inout<\/strong><\/h1><p>Diese Fliese aus der Serie Elementi im Format 30X60 ist eine matt glasierte Feinsteinzeugfliese in der Farbe Graphit in matter Ausf\u00fchrung.<\/p><p>Diese Fliese verf\u00fcgt \u00fcber die INOUT-Technologie, eine Materialeigenschaft, die sie weich im Griff und rutschfest zwischen C2-C3 und R10-R11 macht, ideal f\u00fcr die Verlegung innerhalb und au\u00dferhalb des Hauses.<\/p><h2>Elementi Serie<\/h2><p>Die Serie <a href=\"https:\/\/tilefly.com\/producto\/elementi\/\">Elementi<\/a> ist dazu bestimmt, die Haut schlechthin f\u00fcr moderne R\u00e4ume zu sein.<br \/>Dieses Design geht \u00fcber den traditionellen Betoneffekt hinaus.<br \/>Durch die Aufmerksamkeit f\u00fcr Oberfl\u00e4chendetails und die Entf\u00e4rbung der St\u00fccke geht es \u00fcber den Minimalismus hinaus und wird zum Protagonisten des Looks mit einer starken Identit\u00e4t.  <\/p>","protected":false},"excerpt":{"rendered":"<p>Elementi Graphit Matt Glasiertes Feinsteinzeug Mt 30X60 InoutDiese Fliese aus der Serie Elementi im Format 30X60 ist eine matt glasierte Feinsteinzeugfliese in der Farbe Graphit in matter Ausf\u00fchrung.Diese Fliese verf\u00fcgt \u00fcber die INOUT-Technologie, eine Materialeigenschaft, die sie weich im Griff und rutschfest zwischen C2-C3 und R10-R11 macht, ideal f\u00fcr die Verlegung innerhalb und au\u00dferhalb des [&hellip;]<\/p>\n","protected":false},"featured_media":521617,"comment_status":"open","ping_status":"closed","template":"","meta":[],"product_brand":[],"product_cat":[457,458,456,459],"product_tag":[],"class_list":{"0":"post-535516","1":"product","2":"type-product","3":"status-publish","4":"has-post-thumbnail","6":"product_cat-badezimmer","7":"product_cat-kuchen","8":"product_cat-vohnzimmer","9":"product_cat-wandfliesen","11":"first","12":"outofstock","13":"shipping-taxable","14":"purchasable","15":"product-type-simple"},"_links":{"self":[{"href":"https:\/\/tilefly.com\/de\/wp-json\/wp\/v2\/product\/535516","targetHints":{"allow":["GET"]}}],"collection":[{"href":"https:\/\/tilefly.com\/de\/wp-json\/wp\/v2\/product"}],"about":[{"href":"https:\/\/tilefly.com\/de\/wp-json\/wp\/v2\/types\/product"}],"replies":[{"embeddable":true,"href":"https:\/\/tilefly.com\/de\/wp-json\/wp\/v2\/comments?post=535516"}],"wp:featuredmedia":[{"embeddable":true,"href":"https:\/\/tilefly.com\/de\/wp-json\/wp\/v2\/media\/521617"}],"wp:attachment":[{"href":"https:\/\/tilefly.com\/de\/wp-json\/wp\/v2\/media?parent=535516"}],"wp:term":[{"taxonomy":"product_brand","embeddable":true,"href":"https:\/\/tilefly.com\/de\/wp-json\/wp\/v2\/product_brand?post=535516"},{"taxonomy":"product_cat","embeddable":true,"href":"https:\/\/tilefly.com\/de\/wp-json\/wp\/v2\/product_cat?post=535516"},{"taxonomy":"product_tag","embeddable":true,"href":"https:\/\/tilefly.com\/de\/wp-json\/wp\/v2\/product_tag?post=535516"}],"curies":[{"name":"wp","href":"https:\/\/api.w.org\/{rel}","templated":true}]}}