{"id":535195,"date":"2020-10-09T14:48:27","date_gmt":"2020-10-09T12:48:27","guid":{"rendered":"https:\/\/tilefly.com\/producto\/lienz-gris-mt-75x75-rect\/"},"modified":"2024-08-13T15:35:23","modified_gmt":"2024-08-13T13:35:23","slug":"lienz-gris-mt-75x75-rect","status":"publish","type":"product","link":"https:\/\/tilefly.com\/de\/produkt\/lienz-gris-mt-75x75-rect\/","title":{"rendered":"LIENZ GRIS MT 75X75 RECT."},"content":{"rendered":"<p>Diese Feinsteinzeugfliese aus der Serie LIENZ zeichnet sich durch ihr emailliertes Porzellan aus, das zu den widerstandsf\u00e4higsten auf dem Markt geh\u00f6rt. Sie hat eine Zementimitation mit einer matten Oberfl\u00e4che im Format 75X75 RECT.<\/p>","protected":false},"excerpt":{"rendered":"<p>Diese Feinsteinzeugfliese aus der Serie LIENZ zeichnet sich durch ihr emailliertes Porzellan aus, das zu den widerstandsf\u00e4higsten auf dem Markt geh\u00f6rt. Sie hat eine Zementimitation mit einer matten Oberfl\u00e4che im Format 75X75 RECT.<\/p>\n","protected":false},"featured_media":535198,"comment_status":"open","ping_status":"closed","template":"","meta":[],"product_brand":[],"product_cat":[460,458,456],"product_tag":[],"class_list":{"0":"post-535195","1":"product","2":"type-product","3":"status-publish","4":"has-post-thumbnail","6":"product_cat-bodenfliesen","7":"product_cat-kuchen","8":"product_cat-vohnzimmer","10":"first","11":"outofstock","12":"shipping-taxable","13":"purchasable","14":"product-type-simple"},"_links":{"self":[{"href":"https:\/\/tilefly.com\/de\/wp-json\/wp\/v2\/product\/535195","targetHints":{"allow":["GET"]}}],"collection":[{"href":"https:\/\/tilefly.com\/de\/wp-json\/wp\/v2\/product"}],"about":[{"href":"https:\/\/tilefly.com\/de\/wp-json\/wp\/v2\/types\/product"}],"replies":[{"embeddable":true,"href":"https:\/\/tilefly.com\/de\/wp-json\/wp\/v2\/comments?post=535195"}],"wp:featuredmedia":[{"embeddable":true,"href":"https:\/\/tilefly.com\/de\/wp-json\/wp\/v2\/media\/535198"}],"wp:attachment":[{"href":"https:\/\/tilefly.com\/de\/wp-json\/wp\/v2\/media?parent=535195"}],"wp:term":[{"taxonomy":"product_brand","embeddable":true,"href":"https:\/\/tilefly.com\/de\/wp-json\/wp\/v2\/product_brand?post=535195"},{"taxonomy":"product_cat","embeddable":true,"href":"https:\/\/tilefly.com\/de\/wp-json\/wp\/v2\/product_cat?post=535195"},{"taxonomy":"product_tag","embeddable":true,"href":"https:\/\/tilefly.com\/de\/wp-json\/wp\/v2\/product_tag?post=535195"}],"curies":[{"name":"wp","href":"https:\/\/api.w.org\/{rel}","templated":true}]}}