{"id":534992,"date":"2023-01-03T09:57:06","date_gmt":"2023-01-03T08:57:06","guid":{"rendered":"https:\/\/tilefly.com\/producto\/boiserie-blanco-mate-rect-30x90\/"},"modified":"2024-08-13T15:33:22","modified_gmt":"2024-08-13T13:33:22","slug":"boiserie-blanco-mate-rect-30x90","status":"publish","type":"product","link":"https:\/\/tilefly.com\/de\/produkt\/boiserie-blanco-mate-rect-30x90\/","title":{"rendered":"BOISERIE BLANCO MATE RECT. 30X90"},"content":{"rendered":"<div class=\"woocommerce-tabs wc-tabs-wrapper\"><div id=\"tab-description\" class=\"woocommerce-Tabs-panel woocommerce-Tabs-panel--description panel entry-content wc-tab\" role=\"tabpanel\" aria-labelledby=\"tab-title-description\">  Wei\u00dfe Pastenwandverkleidung in 30\u00d790 mit Relief.<br \/>Die Inspirationsquelle f\u00fcr Fables ist die Boiserie, ein Begriff, der f\u00fcr Holzverkleidungen an W\u00e4nden verwendet wird.<br \/>Boiserien waren im 17. und 18. Jahrhundert in Frankreich als Innendekoration in Pal\u00e4sten und Herrenh\u00e4usern sehr beliebt.<br \/>In Versailles gibt es zahlreiche Beispiele f\u00fcr diese Art von Dekoration.<br \/>Die Paneele wurden nicht nur zur Dekoration von W\u00e4nden, sondern auch von T\u00fcren und Trennw\u00e4nden verwendet.<br \/>Fables bringt diesen dekorativen und eleganten Geist in Ihr Zuhause.       <\/div><\/div>","protected":false},"excerpt":{"rendered":"<p>Wei\u00dfe Pastenwandverkleidung in 30\u00d790 mit Relief.Die Inspirationsquelle f\u00fcr Fables ist die Boiserie, ein Begriff, der f\u00fcr Holzverkleidungen an W\u00e4nden verwendet wird.Boiserien waren im 17. und 18. Jahrhundert in Frankreich als Innendekoration in Pal\u00e4sten und Herrenh\u00e4usern sehr beliebt.In Versailles gibt es zahlreiche Beispiele f\u00fcr diese Art von Dekoration.Die Paneele wurden nicht nur zur Dekoration von W\u00e4nden, [&hellip;]<\/p>\n","protected":false},"featured_media":520232,"comment_status":"closed","ping_status":"closed","template":"","meta":[],"product_brand":[],"product_cat":[461],"product_tag":[],"class_list":{"0":"post-534992","1":"product","2":"type-product","3":"status-publish","4":"has-post-thumbnail","6":"product_cat-uncategorised","8":"first","9":"outofstock","10":"shipping-taxable","11":"purchasable","12":"product-type-simple"},"_links":{"self":[{"href":"https:\/\/tilefly.com\/de\/wp-json\/wp\/v2\/product\/534992","targetHints":{"allow":["GET"]}}],"collection":[{"href":"https:\/\/tilefly.com\/de\/wp-json\/wp\/v2\/product"}],"about":[{"href":"https:\/\/tilefly.com\/de\/wp-json\/wp\/v2\/types\/product"}],"replies":[{"embeddable":true,"href":"https:\/\/tilefly.com\/de\/wp-json\/wp\/v2\/comments?post=534992"}],"wp:featuredmedia":[{"embeddable":true,"href":"https:\/\/tilefly.com\/de\/wp-json\/wp\/v2\/media\/520232"}],"wp:attachment":[{"href":"https:\/\/tilefly.com\/de\/wp-json\/wp\/v2\/media?parent=534992"}],"wp:term":[{"taxonomy":"product_brand","embeddable":true,"href":"https:\/\/tilefly.com\/de\/wp-json\/wp\/v2\/product_brand?post=534992"},{"taxonomy":"product_cat","embeddable":true,"href":"https:\/\/tilefly.com\/de\/wp-json\/wp\/v2\/product_cat?post=534992"},{"taxonomy":"product_tag","embeddable":true,"href":"https:\/\/tilefly.com\/de\/wp-json\/wp\/v2\/product_tag?post=534992"}],"curies":[{"name":"wp","href":"https:\/\/api.w.org\/{rel}","templated":true}]}}